{"id":4741,"date":"2023-03-03T21:12:15","date_gmt":"2023-03-03T20:12:15","guid":{"rendered":"https:\/\/brinckan.se\/?page_id=4741"},"modified":"2025-10-26T19:46:06","modified_gmt":"2025-10-26T18:46:06","slug":"lagenhetsrenovering","status":"publish","type":"page","link":"https:\/\/brinckan.se\/?page_id=4741","title":{"rendered":"L\u00e4genhetsrenovering"},"content":{"rendered":"\n<h3 class=\"wp-block-heading\">\u00c4ndrad lagstiftning fr\u00e5n 2023-01-01<\/h3>\n\n\n\n<p>Fr\u00e5n den 1 januari 2023 inf\u00f6rdes ett antal \u00e4ndringar i Bostadsr\u00e4ttslagen. En av dem r\u00f6r kravet p\u00e5 tillst\u00e5nd vid renovering som sk\u00e4rptes fr\u00e5n 1 januari 2023. Se till att inh\u00e4mta tillst\u00e5nd fr\u00e5n f\u00f6reningen innan du p\u00e5b\u00f6rjar en renovering. F\u00f6r den som vill l\u00e4sa mer om lagen finns information i Bostadsr\u00e4ttslagen kap 7, \u00a7 7 <a rel=\"noreferrer noopener\" href=\"https:\/\/www.riksdagen.se\/sv\/dokument-lagar\/dokument\/svensk-forfattningssamling\/bostadsrattslag-1991614_sfs-1991-614#K7\" data-type=\"URL\" data-id=\"https:\/\/www.riksdagen.se\/sv\/dokument-lagar\/dokument\/svensk-forfattningssamling\/bostadsrattslag-1991614_sfs-1991-614#K7\" target=\"_blank\">h\u00e4r<\/a>. Det finns ocks\u00e5 flera lite mer l\u00e4ttl\u00e4sta sammanfattningar om du s\u00f6ker p\u00e5 &#8221;bostadsr\u00e4ttslagen 2023&#8221;. <\/p>\n\n\n\n<p><\/p>\n\n\n\n<h3 class=\"wp-block-heading\">Badrum och k\u00f6k<\/h3>\n\n\n\n<p><\/p>\n\n\n\n<p>Alla medlemmar som planerar renovera badrum och\/eller k\u00f6k m\u00e5ste ans\u00f6ka om detta till s\u00e5v\u00e4l styrelsen via denna\u00a0<a href=\"https:\/\/brinckan.se\/wp-content\/uploads\/2023\/03\/Ansokan-om-tillstand-for-renovering.pdf\" target=\"_blank\" rel=\"noreferrer noopener\">blankett<\/a>. som en certifierad besiktningsman. Ans\u00f6kningarna hanteras f.n av Badrumsbesikningar AB p\u00e5 uppdrag av f\u00f6reningen. Man ans\u00f6ker via denna\u00a0<a href=\"https:\/\/www.badrumsbesiktningar.se\/renoveringsansokan\" target=\"_blank\" rel=\"noreferrer noopener\">l\u00e4nk<\/a>. Det \u00e4r det f\u00f6retag som styrelsen kan rekommendera d\u00e5 de har besiktat m\u00e5nga v\u00e5tutrymmen i f\u00f6reningen.<\/p>\n\n\n\n<p><\/p>\n\n\n\n<p>Innan man ans\u00f6ker ska man kontakta styrelsen f\u00f6r godk\u00e4nnande samt f\u00f6r att f\u00e5 tillg\u00e5ng till byggritningar \u00f6ver spillvattenledningar (avlopp). Vi beh\u00f6ver ocks\u00e5 kontrollera om det f\u00f6religger n\u00e5gra fel fr\u00e5n inventeringen som beh\u00f6ver tas med i planeringen f\u00f6r renoveringen.<\/p>\n\n\n\n<p><\/p>\n\n\n\n<p>Badrumsbesiktningar AB kommer granska samtliga f\u00f6retag som \u00e4r inblandade i renovering. Vi rekommenderar d\u00e4rf\u00f6r att ni<strong> inte<\/strong> skriver p\u00e5 ett avtal med en entrepren\u00f6r innan ni f\u00e5tt renoveringen godk\u00e4nd.&nbsp;<\/p>\n\n\n\n<p><\/p>\n\n\n\n<p>F\u00f6reningen har inf\u00f6rt obligatorisk 3-stegsbesikning (VVS, t\u00e4tskikt, slutbesiktning) samt startm\u00f6te. F\u00f6reningen har r\u00e4tt att f\u00e5 ta del av samtliga besiktningsprotokoll.<br>Den enskilda medlemmen kommer from 2026-01-01 sj\u00e4lv att f\u00e5 bekosta denna besiktning.<br>Fram till dess g\u00e4ller tidigare beslut att f\u00f6reningen initialt st\u00e5r f\u00f6r besiktningarna, men om en eller flera delar f\u00e5r underk\u00e4nt kommer du som medlem att bli debiterad f\u00f6r ombesiktningen. Kostnaden f\u00f6r ombesiktning \u00e4r 2500 kr.\u2028 Vi rekommenderar d\u00e4rf\u00f6r att ni avtalar p\u00e5 f\u00f6rhand med entrepren\u00f6ren om att de st\u00e5r f\u00f6r den kostnaden vid en ombesiktning.\u00a0<\/p>\n\n\n\n<p><\/p>\n\n\n\n<p>Renoveringen ska enligt stadgar utf\u00f6ras fackmannam\u00e4ssigt vilket inneb\u00e4r att samtliga branschregler ska f\u00f6ljas f\u00f6r alla delar av renoveringen &#8211; S\u00e4ker Vatten, Byggkeramiska r\u00e5det eller Golvl\u00e4ggarnas v\u00e5trumskontroll (beroende p\u00e5 var platts\u00e4ttaren \u00e4r ansluten), Els\u00e4kerhetsverket samt M\u00e5leribranschen v\u00e5trumskontroll.&nbsp;<\/p>\n\n\n\n<p><\/p>\n\n\n\n<p>F\u00f6rh\u00e5llningsregler kan man l\u00e4sa om <a href=\"https:\/\/brinckan.se\/wp-content\/uploads\/2023\/11\/Forhallningsregler-for-paskrift-startmote.pdf\" data-type=\"URL\" data-id=\"https:\/\/brinckan.se\/wp-content\/uploads\/2023\/03\/Forhallningsregler-for-paskrift-startmote.pdf\" target=\"_blank\" rel=\"noreferrer noopener\">h\u00e4r<\/a> (signeras vid startm\u00f6te).<\/p>\n\n\n\n<p><\/p>\n\n\n\n<p><strong>Bor man p\u00e5 v\u00e5ning 6 (\u00f6versta v\u00e5ningsplanet) finns det en s\u00e4rskild instruktion som \u00e4r av yttersta vikt f\u00f6lja, annars kommer det p\u00e5verka VVC i stora delar av fastigheten med problem och f\u00f6rdyrande hantering som f\u00f6ljd.\u00a0<\/strong><br><\/p>\n\n\n\n<p><\/p>\n\n\n\n<h3 class=\"wp-block-heading\">\u00d6vriga renoveringar<\/h3>\n\n\n\n<p>F\u00f6r \u00f6vriga renoveringar s\u00e5 ans\u00f6ker ni direkt till styrelsen via denna <a rel=\"noreferrer noopener\" href=\"https:\/\/brinckan.se\/wp-content\/uploads\/2023\/03\/Ansokan-om-tillstand-for-renovering.pdf\" data-type=\"URL\" data-id=\"https:\/\/brinckan.se\/wp-content\/uploads\/2023\/03\/Ansokan-om-tillstand-for-renovering.pdf\" target=\"_blank\">blankett<\/a>.<\/p>\n\n\n\n<p><\/p>\n\n\n\n<p>Det \u00e4r m\u00e5nga l\u00e4genheter i  f\u00f6reningen d\u00e4r man valt att skapa ett extra rum genom att dela upp ett rum med en ny v\u00e4gg. F\u00f6r att inte st\u00f6ra eller f\u00e5 bristf\u00e4llig ventilation i l\u00e4genheten beh\u00f6ver man s\u00e4tta upp en luftf\u00f6rflyttare. <\/p>\n\n\n\n<p>Godk\u00e4nd luftf\u00f6rflyttare \u00e4r <a rel=\"noreferrer noopener\" href=\"https:\/\/fresh.se\/produkter\/flaktar\/varmeflyttare\/197214?gclid=CjwKCAiAr4GgBhBFEiwAgwORrV-UpH8KRi6Hmn1rsF0ZEXhOSG2YNNUZgJ4EEvnZphFlGMH5ZcIJvhoCm9sQAvD_BwE\" data-type=\"URL\" data-id=\"https:\/\/fresh.se\/produkter\/flaktar\/varmeflyttare\/197214?gclid=CjwKCAiAr4GgBhBFEiwAgwORrV-UpH8KRi6Hmn1rsF0ZEXhOSG2YNNUZgJ4EEvnZphFlGMH5ZcIJvhoCm9sQAvD_BwE\" target=\"_blank\">denna<\/a>. <\/p>\n\n\n\n<p>Med tillh\u00f6rande <a rel=\"noreferrer noopener\" href=\"https:\/\/fresh.se\/produkter\/flaktar\/tillbehorflaktar\/135114\" data-type=\"URL\" data-id=\"https:\/\/fresh.se\/produkter\/flaktar\/tillbehorflaktar\/135114\" target=\"_blank\">genomf\u00f6ringskit<\/a> <\/p>\n\n\n\n<p>Fl\u00e4kten finns hos flera \u00e5terf\u00f6rs\u00e4ljare.<\/p>\n\n\n\n<p><\/p>\n\n\n\n<p>Denna \u00e5tg\u00e4rd g\u00e5r inte att v\u00e4gra. Vid kommande OVK-besiktningar kommer rummet att f\u00e5 nedslag om detta inte \u00e4r gjort.<\/p>\n\n\n\n<p>F\u00f6ljande \u00f6vriga renoveringar beh\u00f6ver ni ans\u00f6ka om:<\/p>\n\n\n\n<ul class=\"wp-block-list\">\n<li>Dela av rum<\/li>\n\n\n\n<li>Byta av spissk\u00e5pa eller till kolfilterfl\u00e4kt (detta beh\u00f6ver inspekteras och injusteras av f\u00f6reningen betrott f\u00f6retag)<\/li>\n<\/ul>\n\n\n\n<p>Avfall fr\u00e5n \u00f6vriga renoveringar f\u00e5r INTE sl\u00e4ngas i grovsoporna. Ni f\u00e5r arrangera h\u00e4mtning av avfallet via valfritt f\u00f6retag.&nbsp;<\/p>\n\n\n\n<p>F\u00f6r \u00f6vriga renoveringar som kan orsaka l\u00e4ngre st\u00f6rningar s\u00e5 beh\u00f6ver ni avisera i trapphuset s\u00e5 att grannar \u00e4r medvetna om renoveringen samt hur l\u00e4nge den kan p\u00e5g\u00e5.<\/p>\n","protected":false},"excerpt":{"rendered":"<p>\u00c4ndrad lagstiftning fr\u00e5n 2023-01-01 Fr\u00e5n den 1 januari 2023 inf\u00f6rdes ett antal \u00e4ndringar i Bostadsr\u00e4ttslagen. En av dem r\u00f6r kravet p\u00e5 tillst\u00e5nd vid renovering som sk\u00e4rptes fr\u00e5n 1 januari 2023. Se till att inh\u00e4mta tillst\u00e5nd fr\u00e5n f\u00f6reningen innan du p\u00e5b\u00f6rjar en renovering. F\u00f6r den som vill l\u00e4sa mer om lagen finns information i Bostadsr\u00e4ttslagen kap [&hellip;]<\/p>\n","protected":false},"author":4,"featured_media":0,"parent":3114,"menu_order":0,"comment_status":"closed","ping_status":"closed","template":"","meta":{"_monsterinsights_skip_tracking":false,"_monsterinsights_sitenote_active":false,"_monsterinsights_sitenote_note":"","_monsterinsights_sitenote_category":0,"_themeisle_gutenberg_block_has_review":false,"footnotes":""},"class_list":["post-4741","page","type-page","status-publish","hentry"],"_links":{"self":[{"href":"https:\/\/brinckan.se\/index.php?rest_route=\/wp\/v2\/pages\/4741","targetHints":{"allow":["GET"]}}],"collection":[{"href":"https:\/\/brinckan.se\/index.php?rest_route=\/wp\/v2\/pages"}],"about":[{"href":"https:\/\/brinckan.se\/index.php?rest_route=\/wp\/v2\/types\/page"}],"author":[{"embeddable":true,"href":"https:\/\/brinckan.se\/index.php?rest_route=\/wp\/v2\/users\/4"}],"replies":[{"embeddable":true,"href":"https:\/\/brinckan.se\/index.php?rest_route=%2Fwp%2Fv2%2Fcomments&post=4741"}],"version-history":[{"count":15,"href":"https:\/\/brinckan.se\/index.php?rest_route=\/wp\/v2\/pages\/4741\/revisions"}],"predecessor-version":[{"id":4983,"href":"https:\/\/brinckan.se\/index.php?rest_route=\/wp\/v2\/pages\/4741\/revisions\/4983"}],"up":[{"embeddable":true,"href":"https:\/\/brinckan.se\/index.php?rest_route=\/wp\/v2\/pages\/3114"}],"wp:attachment":[{"href":"https:\/\/brinckan.se\/index.php?rest_route=%2Fwp%2Fv2%2Fmedia&parent=4741"}],"curies":[{"name":"wp","href":"https:\/\/api.w.org\/{rel}","templated":true}]}}