{"id":4701,"date":"2023-02-26T15:00:14","date_gmt":"2023-02-26T14:00:14","guid":{"rendered":"https:\/\/brinckan.se\/?page_id=4701"},"modified":"2023-05-23T21:47:23","modified_gmt":"2023-05-23T19:47:23","slug":"nyheter-arkiv","status":"publish","type":"page","link":"https:\/\/brinckan.se\/?page_id=4701","title":{"rendered":"Nyheter &#8211; arkiv"},"content":{"rendered":"\n<p>Som medlem i f\u00f6reningen kan du prenumerera p\u00e5 v\u00e5rt nyhetsbrev. Skicka ett e-postmeddelande till <a href=\"mailto:kontakt@brinckan.se\">kontakt@brinckan.se<\/a> och tala om att du vill f\u00e5 nyhetsmejlen.<\/p>\n\n\n\n<p><\/p>\n\n\n<form role=\"search\" method=\"get\" action=\"https:\/\/brinckan.se\/\" class=\"wp-block-search__button-outside wp-block-search__text-button wp-block-search\"    ><label class=\"wp-block-search__label\" for=\"wp-block-search__input-1\" >S\u00f6k<\/label><div class=\"wp-block-search__inside-wrapper \" ><input class=\"wp-block-search__input\" id=\"wp-block-search__input-1\" placeholder=\"\" value=\"\" type=\"search\" name=\"s\" required \/><button aria-label=\"S\u00f6k\" class=\"wp-block-search__button wp-element-button\" type=\"submit\" >S\u00f6k<\/button><\/div><\/form>\n\n<ul class=\"wp-block-archives-list wp-block-archives\">\t<li><a href='https:\/\/brinckan.se\/?m=202505'>maj 2025<\/a>&nbsp;(1)<\/li>\n\t<li><a href='https:\/\/brinckan.se\/?m=202410'>oktober 2024<\/a>&nbsp;(2)<\/li>\n\t<li><a href='https:\/\/brinckan.se\/?m=202409'>september 2024<\/a>&nbsp;(1)<\/li>\n\t<li><a href='https:\/\/brinckan.se\/?m=202406'>juni 2024<\/a>&nbsp;(1)<\/li>\n\t<li><a href='https:\/\/brinckan.se\/?m=202405'>maj 2024<\/a>&nbsp;(1)<\/li>\n\t<li><a href='https:\/\/brinckan.se\/?m=202404'>april 2024<\/a>&nbsp;(1)<\/li>\n\t<li><a href='https:\/\/brinckan.se\/?m=202403'>mars 2024<\/a>&nbsp;(1)<\/li>\n\t<li><a href='https:\/\/brinckan.se\/?m=202402'>februari 2024<\/a>&nbsp;(1)<\/li>\n\t<li><a href='https:\/\/brinckan.se\/?m=202309'>september 2023<\/a>&nbsp;(1)<\/li>\n\t<li><a href='https:\/\/brinckan.se\/?m=202306'>juni 2023<\/a>&nbsp;(1)<\/li>\n\t<li><a href='https:\/\/brinckan.se\/?m=202305'>maj 2023<\/a>&nbsp;(1)<\/li>\n\t<li><a href='https:\/\/brinckan.se\/?m=202303'>mars 2023<\/a>&nbsp;(1)<\/li>\n\t<li><a href='https:\/\/brinckan.se\/?m=202208'>augusti 2022<\/a>&nbsp;(1)<\/li>\n\t<li><a href='https:\/\/brinckan.se\/?m=202206'>juni 2022<\/a>&nbsp;(1)<\/li>\n\t<li><a href='https:\/\/brinckan.se\/?m=202203'>mars 2022<\/a>&nbsp;(1)<\/li>\n\t<li><a href='https:\/\/brinckan.se\/?m=202108'>augusti 2021<\/a>&nbsp;(1)<\/li>\n\t<li><a href='https:\/\/brinckan.se\/?m=202106'>juni 2021<\/a>&nbsp;(3)<\/li>\n\t<li><a href='https:\/\/brinckan.se\/?m=202105'>maj 2021<\/a>&nbsp;(1)<\/li>\n\t<li><a href='https:\/\/brinckan.se\/?m=202104'>april 2021<\/a>&nbsp;(1)<\/li>\n\t<li><a href='https:\/\/brinckan.se\/?m=202012'>december 2020<\/a>&nbsp;(2)<\/li>\n\t<li><a href='https:\/\/brinckan.se\/?m=202011'>november 2020<\/a>&nbsp;(1)<\/li>\n\t<li><a href='https:\/\/brinckan.se\/?m=202010'>oktober 2020<\/a>&nbsp;(2)<\/li>\n\t<li><a href='https:\/\/brinckan.se\/?m=202008'>augusti 2020<\/a>&nbsp;(1)<\/li>\n\t<li><a href='https:\/\/brinckan.se\/?m=202006'>juni 2020<\/a>&nbsp;(3)<\/li>\n\t<li><a href='https:\/\/brinckan.se\/?m=202005'>maj 2020<\/a>&nbsp;(5)<\/li>\n\t<li><a href='https:\/\/brinckan.se\/?m=202004'>april 2020<\/a>&nbsp;(1)<\/li>\n\t<li><a href='https:\/\/brinckan.se\/?m=202003'>mars 2020<\/a>&nbsp;(3)<\/li>\n\t<li><a href='https:\/\/brinckan.se\/?m=202002'>februari 2020<\/a>&nbsp;(1)<\/li>\n\t<li><a href='https:\/\/brinckan.se\/?m=201912'>december 2019<\/a>&nbsp;(1)<\/li>\n\t<li><a href='https:\/\/brinckan.se\/?m=201906'>juni 2019<\/a>&nbsp;(1)<\/li>\n\t<li><a href='https:\/\/brinckan.se\/?m=201904'>april 2019<\/a>&nbsp;(1)<\/li>\n\t<li><a href='https:\/\/brinckan.se\/?m=201903'>mars 2019<\/a>&nbsp;(2)<\/li>\n\t<li><a href='https:\/\/brinckan.se\/?m=201902'>februari 2019<\/a>&nbsp;(1)<\/li>\n\t<li><a href='https:\/\/brinckan.se\/?m=201812'>december 2018<\/a>&nbsp;(1)<\/li>\n\t<li><a href='https:\/\/brinckan.se\/?m=201811'>november 2018<\/a>&nbsp;(2)<\/li>\n\t<li><a href='https:\/\/brinckan.se\/?m=201810'>oktober 2018<\/a>&nbsp;(2)<\/li>\n\t<li><a href='https:\/\/brinckan.se\/?m=201806'>juni 2018<\/a>&nbsp;(2)<\/li>\n\t<li><a href='https:\/\/brinckan.se\/?m=201805'>maj 2018<\/a>&nbsp;(1)<\/li>\n\t<li><a href='https:\/\/brinckan.se\/?m=201804'>april 2018<\/a>&nbsp;(3)<\/li>\n\t<li><a href='https:\/\/brinckan.se\/?m=201802'>februari 2018<\/a>&nbsp;(2)<\/li>\n\t<li><a href='https:\/\/brinckan.se\/?m=201708'>augusti 2017<\/a>&nbsp;(1)<\/li>\n\t<li><a href='https:\/\/brinckan.se\/?m=201707'>juli 2017<\/a>&nbsp;(1)<\/li>\n\t<li><a href='https:\/\/brinckan.se\/?m=201705'>maj 2017<\/a>&nbsp;(2)<\/li>\n\t<li><a href='https:\/\/brinckan.se\/?m=201704'>april 2017<\/a>&nbsp;(1)<\/li>\n\t<li><a href='https:\/\/brinckan.se\/?m=201703'>mars 2017<\/a>&nbsp;(1)<\/li>\n\t<li><a href='https:\/\/brinckan.se\/?m=201612'>december 2016<\/a>&nbsp;(2)<\/li>\n\t<li><a href='https:\/\/brinckan.se\/?m=201512'>december 2015<\/a>&nbsp;(1)<\/li>\n\t<li><a href='https:\/\/brinckan.se\/?m=201511'>november 2015<\/a>&nbsp;(1)<\/li>\n\t<li><a href='https:\/\/brinckan.se\/?m=201507'>juli 2015<\/a>&nbsp;(1)<\/li>\n\t<li><a href='https:\/\/brinckan.se\/?m=201505'>maj 2015<\/a>&nbsp;(1)<\/li>\n\t<li><a href='https:\/\/brinckan.se\/?m=201504'>april 2015<\/a>&nbsp;(1)<\/li>\n\t<li><a href='https:\/\/brinckan.se\/?m=201503'>mars 2015<\/a>&nbsp;(2)<\/li>\n\t<li><a href='https:\/\/brinckan.se\/?m=201502'>februari 2015<\/a>&nbsp;(1)<\/li>\n\t<li><a href='https:\/\/brinckan.se\/?m=201501'>januari 2015<\/a>&nbsp;(1)<\/li>\n\t<li><a href='https:\/\/brinckan.se\/?m=201412'>december 2014<\/a>&nbsp;(2)<\/li>\n\t<li><a href='https:\/\/brinckan.se\/?m=201409'>september 2014<\/a>&nbsp;(1)<\/li>\n\t<li><a href='https:\/\/brinckan.se\/?m=201407'>juli 2014<\/a>&nbsp;(1)<\/li>\n\t<li><a href='https:\/\/brinckan.se\/?m=201406'>juni 2014<\/a>&nbsp;(1)<\/li>\n\t<li><a href='https:\/\/brinckan.se\/?m=201405'>maj 2014<\/a>&nbsp;(2)<\/li>\n\t<li><a href='https:\/\/brinckan.se\/?m=201404'>april 2014<\/a>&nbsp;(2)<\/li>\n\t<li><a href='https:\/\/brinckan.se\/?m=201403'>mars 2014<\/a>&nbsp;(4)<\/li>\n\t<li><a href='https:\/\/brinckan.se\/?m=201402'>februari 2014<\/a>&nbsp;(2)<\/li>\n\t<li><a href='https:\/\/brinckan.se\/?m=201401'>januari 2014<\/a>&nbsp;(3)<\/li>\n<\/ul>","protected":false},"excerpt":{"rendered":"<p>Som medlem i f\u00f6reningen kan du prenumerera p\u00e5 v\u00e5rt nyhetsbrev. Skicka ett e-postmeddelande till kontakt@brinckan.se och tala om att du vill f\u00e5 nyhetsmejlen.<\/p>\n","protected":false},"author":4,"featured_media":0,"parent":0,"menu_order":0,"comment_status":"closed","ping_status":"closed","template":"","meta":{"_monsterinsights_skip_tracking":false,"_monsterinsights_sitenote_active":false,"_monsterinsights_sitenote_note":"","_monsterinsights_sitenote_category":0,"_themeisle_gutenberg_block_has_review":false,"footnotes":""},"class_list":["post-4701","page","type-page","status-publish","hentry"],"_links":{"self":[{"href":"https:\/\/brinckan.se\/index.php?rest_route=\/wp\/v2\/pages\/4701","targetHints":{"allow":["GET"]}}],"collection":[{"href":"https:\/\/brinckan.se\/index.php?rest_route=\/wp\/v2\/pages"}],"about":[{"href":"https:\/\/brinckan.se\/index.php?rest_route=\/wp\/v2\/types\/page"}],"author":[{"embeddable":true,"href":"https:\/\/brinckan.se\/index.php?rest_route=\/wp\/v2\/users\/4"}],"replies":[{"embeddable":true,"href":"https:\/\/brinckan.se\/index.php?rest_route=%2Fwp%2Fv2%2Fcomments&post=4701"}],"version-history":[{"count":2,"href":"https:\/\/brinckan.se\/index.php?rest_route=\/wp\/v2\/pages\/4701\/revisions"}],"predecessor-version":[{"id":4782,"href":"https:\/\/brinckan.se\/index.php?rest_route=\/wp\/v2\/pages\/4701\/revisions\/4782"}],"wp:attachment":[{"href":"https:\/\/brinckan.se\/index.php?rest_route=%2Fwp%2Fv2%2Fmedia&parent=4701"}],"curies":[{"name":"wp","href":"https:\/\/api.w.org\/{rel}","templated":true}]}}