{"id":4673,"date":"2023-02-22T22:12:30","date_gmt":"2023-02-22T21:12:30","guid":{"rendered":"https:\/\/brinckan.se\/?page_id=4673"},"modified":"2023-02-22T22:13:41","modified_gmt":"2023-02-22T21:13:41","slug":"fakta-om-foreningen","status":"publish","type":"page","link":"https:\/\/brinckan.se\/?page_id=4673","title":{"rendered":"Fakta om f\u00f6reningen"},"content":{"rendered":"\n<div id=\"wp-block-themeisle-blocks-advanced-columns-212a7af6\" class=\"wp-block-themeisle-blocks-advanced-columns has-1-columns has-desktop-equal-layout has-tablet-equal-layout has-mobile-equal-layout has-vertical-unset\"><div class=\"wp-block-themeisle-blocks-advanced-columns-overlay\"><\/div><div class=\"innerblocks-wrap\">\n<div id=\"wp-block-themeisle-blocks-advanced-column-243d6883\" class=\"wp-block-themeisle-blocks-advanced-column\">\n<p><\/p>\n\n\n\n<p><\/p>\n\n\n\n<p><\/p>\n\n\n\n<ul class=\"wp-block-list\">\n<li>Bostadsr\u00e4ttsf\u00f6reningen\u00a0Brinckan 1 registrerades 1984-01-16 och den ekonomiska planen 1990-03-26<\/li>\n\n\n\n<li>F\u00f6reningen innehar med tomtr\u00e4tt fastigheten Brinckan 1<\/li>\n\n\n\n<li>Fastigheten \u00e4r bel\u00e4gen p\u00e5 Fatburs Kvarngata 1-7 samt Rosenlundsgatan 23-25<\/li>\n\n\n\n<li>Byggnaden uppf\u00f6rdes 1990<\/li>\n\n\n\n<li>F\u00f6rvaltningen sker enligt en 50-\u00e5rig underh\u00e5llsplan<\/li>\n<\/ul>\n\n\n\n<p><\/p>\n\n\n\n<div id=\"wp-block-themeisle-blocks-advanced-columns-e325129f\" class=\"wp-block-themeisle-blocks-advanced-columns has-1-columns has-desktop-equal-layout has-tablet-equal-layout has-mobile-equal-layout has-vertical-unset\"><div class=\"wp-block-themeisle-blocks-advanced-columns-overlay\"><\/div><div class=\"innerblocks-wrap\">\n<div id=\"wp-block-themeisle-blocks-advanced-column-4a72d9f1\" class=\"wp-block-themeisle-blocks-advanced-column\">\n<p>F\u00f6reningen beskattas som en \u00e4kta bostadsr\u00e4ttsf\u00f6rening.<\/p>\n\n\n\n<p>F\u00f6reningens fastigheter \u00e4r fullv\u00e4rdesf\u00f6rs\u00e4krade hos <a rel=\"noreferrer noopener\" href=\"https:\/\/www.protectorforsakring.se\/\" target=\"_blank\"><strong>Protector<\/strong><\/a> d\u00e4r f\u00f6reningen \u00e4ven har tecknat bostadsr\u00e4ttstill\u00e4gg f\u00f6r alla bostadsr\u00e4ttsinnehavare.<\/p>\n\n\n\n<p><\/p>\n<\/div>\n<\/div><\/div>\n<\/div>\n<\/div><\/div>\n","protected":false},"excerpt":{"rendered":"","protected":false},"author":4,"featured_media":2618,"parent":0,"menu_order":0,"comment_status":"closed","ping_status":"closed","template":"","meta":{"_monsterinsights_skip_tracking":false,"_monsterinsights_sitenote_active":false,"_monsterinsights_sitenote_note":"","_monsterinsights_sitenote_category":0,"_themeisle_gutenberg_block_has_review":false,"footnotes":""},"class_list":["post-4673","page","type-page","status-publish","has-post-thumbnail","hentry"],"_links":{"self":[{"href":"https:\/\/brinckan.se\/index.php?rest_route=\/wp\/v2\/pages\/4673","targetHints":{"allow":["GET"]}}],"collection":[{"href":"https:\/\/brinckan.se\/index.php?rest_route=\/wp\/v2\/pages"}],"about":[{"href":"https:\/\/brinckan.se\/index.php?rest_route=\/wp\/v2\/types\/page"}],"author":[{"embeddable":true,"href":"https:\/\/brinckan.se\/index.php?rest_route=\/wp\/v2\/users\/4"}],"replies":[{"embeddable":true,"href":"https:\/\/brinckan.se\/index.php?rest_route=%2Fwp%2Fv2%2Fcomments&post=4673"}],"version-history":[{"count":2,"href":"https:\/\/brinckan.se\/index.php?rest_route=\/wp\/v2\/pages\/4673\/revisions"}],"predecessor-version":[{"id":4676,"href":"https:\/\/brinckan.se\/index.php?rest_route=\/wp\/v2\/pages\/4673\/revisions\/4676"}],"wp:featuredmedia":[{"embeddable":true,"href":"https:\/\/brinckan.se\/index.php?rest_route=\/wp\/v2\/media\/2618"}],"wp:attachment":[{"href":"https:\/\/brinckan.se\/index.php?rest_route=%2Fwp%2Fv2%2Fmedia&parent=4673"}],"curies":[{"name":"wp","href":"https:\/\/api.w.org\/{rel}","templated":true}]}}