{"id":4009,"date":"2018-04-25T21:17:18","date_gmt":"2018-04-25T19:17:18","guid":{"rendered":"http:\/\/brinckan.se\/?page_id=4009"},"modified":"2024-02-17T09:05:43","modified_gmt":"2024-02-17T08:05:43","slug":"information-om-fastighetens-passersystem-och-porttelefon","status":"publish","type":"page","link":"https:\/\/brinckan.se\/?page_id=4009","title":{"rendered":"Elektroniskt l\u00e5ssystem och porttelefon"},"content":{"rendered":"<h3><strong>Information om v\u00e5rt elektroniska l\u00e5ssystem och porttelefonin<\/strong><\/h3>\n<p>Inpassering f\u00f6r boende: visa din nyckelbricka mot knappsatsen p\u00e5 porttelefonen. D\u00f6rren l\u00e5ses upp.<\/p>\n<h4><strong>Porttelefoni f\u00f6r bes\u00f6kare<\/strong><\/h4>\n<p>V\u00e5rt portelefonsystem fungerar s\u00e5 h\u00e4r:\u00a0din bes\u00f6kare letar reda p\u00e5 ditt namn p\u00e5 l\u00e4sarens sk\u00e4rm och ringer sedan upp dig genom att trycka p\u00e5 l\u00e4sarens telefonsymbol. F\u00f6r att sl\u00e4ppa in din bes\u00f6kare trycker du 5 p\u00e5 din telefon. Finns det flera med samma efternamn i listan visas f\u00f6rst efternamnet och n\u00e4r du trycker p\u00e5 telefonsymbolen s\u00e5 visas f\u00f6rnamnen upp. V\u00e4lj person i listan och trycka sedan p\u00e5 telefonsymbolen f\u00f6r uppringning.<strong>\u00a0<\/strong><\/p>\n<p>Listan med boendes namn visas bara mellan kl 06 och 22. Bes\u00f6kare som kommer utanf\u00f6r dessa tider kan fortfarande ringa upp dig p\u00e5 porttelefonen. Det g\u00e5r till p\u00e5 f\u00f6ljande s\u00e4tt:<br \/>\nTryck p\u00e5 B och mata sedan in telefonnumret till den du ska bes\u00f6ka. Ange hela telefonnumret (inkl riktnr f\u00f6r fasta telefoner). Avsluta med att trycka p\u00e5 telefonsymbolen.<\/p>\n<p>Observera att du kan endast ange n\u00e5got av de telefonnummer som finns registrerade i porttelefonsystemet.<\/p>\n<h4><strong>L\u00e4gg in telefonnummer 08-121 576 43 i dina kontaktar<br \/>\n<\/strong><\/h4>\n<p>Porttelefonsystemet ringer upp fr\u00e5n telefonnummer 08-121 576 43. L\u00e4gg in detta nummer i dina kontakter s\u00e5 att du ser att det \u00e4r porttelefonen som ringer upp och inte n\u00e5gon telefonf\u00f6rs\u00e4ljare.<\/p>\n<h4><strong>Att svara och \u00f6ppna fr\u00e5n telefonen i l\u00e4genheten<\/strong><\/h4>\n<p>Bes\u00f6karen vid entr\u00e9d\u00f6rren ringer upp l\u00e4genhetsinnehavaren och identifierar sig. Tryck 5 p\u00e5 din telefon f\u00f6r att \u00f6ppna. Om du inte vill \u00f6ppna d\u00f6rren, l\u00e4gg p\u00e5 luren.<\/p>\n<h3><\/h3>\n<h3><strong>Fr\u00e5gor och svar<\/strong><\/h3>\n<h4>Jag beh\u00f6ver fler taggar (brickor) vem ska jag kontakta f\u00f6r att f\u00e5 hj\u00e4lp med det?<\/h4>\n<p>F\u00f6reningen anlitar <a href=\"https:\/\/www.lasman.se\/\" target=\"_blank\" rel=\"noopener\">L\u00e5sman<\/a> p\u00e5 Rosenlundsgatan 20. Ta med en giltig identitetshandling och bes\u00f6k deras butik. Uppge att du bor i BRF Brinckan 1 s\u00e5 ordnar de fram fler taggar. Du betalar till L\u00e5sman f\u00f6r den\/de nya taggarna som du beh\u00f6ver.<\/p>\n<h4><strong>Vilka d\u00f6rrar fungerar brickorna till?<\/strong><\/h4>\n<p>Brickorna fungerar till alla entr\u00e9d\u00f6rrar till trapphusen i port 1, 3, 5 och 7 b\u00e5de p\u00e5 framsidan och baksidan av fastigheten.<\/p>\n<p>Brickorna fungerar ocks\u00e5 till den vita grinden, grovsoprummen bredvid port 1, den svarta grinden vid port 7 med ing\u00e5ng fr\u00e5n gr\u00e4nden, cykel- och barnvagnsrummen, d\u00f6rren mittemot port 7 (grovtv\u00e4ttstuga, mattdammsugare, bokningstavla f\u00f6r g\u00e4stl\u00e4genhet\/bastu) samt till g\u00e4stl\u00e4genheten\/bastun efter att man bokat tid via bokningstavlan.<\/p>\n<h4><strong>Finns det d\u00f6rrar som jag inte kan \u00f6ppna med min bricka?<\/strong><\/h4>\n<p>Det finns ett antal d\u00f6rrar som du inte kan \u00f6ppna med din bricka. Det \u00e4r fr\u00e4mst till utrymmen d\u00e4r det finns teknisk utrustning f\u00f6r fastigheten som t.ex. fl\u00e4ktar eller elektriska installationer.<\/p>\n<h4><strong>Fungerar brickorna bara till d\u00f6rren i den port jag bor i samt grovsoprummen?<\/strong><\/h4>\n<p>Nej, brickorna fungerar till alla entr\u00e9d\u00f6rrar oavsett vilken port man bor i samt till grovsoprummen.<\/p>\n<h4><strong>Fungerar brickorna till grindarna p\u00e5 g\u00e5rden?<\/strong><\/h4>\n<p>Ja, den stora vita grinden kan \u00f6ppnas med b\u00e5de kod och bricka. Grinden kan d\u00e4remot inte \u00f6ppnas med nyckel efter bytet till ett elektromagnetiskt l\u00e5s.<\/p>\n<h4><strong>Kan jag anv\u00e4nda brickorna i hissarna i port 3, 5 och 7 f\u00f6r att komma ned till -1,2 och -3?<\/strong><\/h4>\n<p>Nej, f\u00f6r att k\u00f6ra hissarna till -1, -2 och -3 beh\u00f6ver du fortfarande ange kod. Vi har f\u00f6r n\u00e4rvarande inte n\u00e5gra planer p\u00e5 att \u00e4ndra detta<\/p>\n","protected":false},"excerpt":{"rendered":"<p>Information om v\u00e5rt elektroniska l\u00e5ssystem och porttelefonin Inpassering f\u00f6r boende: visa din nyckelbricka mot knappsatsen p\u00e5 porttelefonen. D\u00f6rren l\u00e5ses upp. Porttelefoni f\u00f6r bes\u00f6kare V\u00e5rt portelefonsystem fungerar s\u00e5 h\u00e4r:\u00a0din bes\u00f6kare letar reda p\u00e5 ditt namn p\u00e5 l\u00e4sarens sk\u00e4rm och ringer sedan upp dig genom att trycka p\u00e5 l\u00e4sarens telefonsymbol. F\u00f6r att sl\u00e4ppa in din bes\u00f6kare trycker [&hellip;]<\/p>\n","protected":false},"author":4,"featured_media":0,"parent":3019,"menu_order":0,"comment_status":"closed","ping_status":"closed","template":"","meta":{"_monsterinsights_skip_tracking":false,"_monsterinsights_sitenote_active":false,"_monsterinsights_sitenote_note":"","_monsterinsights_sitenote_category":0,"_themeisle_gutenberg_block_has_review":false,"footnotes":""},"class_list":["post-4009","page","type-page","status-publish","hentry"],"_links":{"self":[{"href":"https:\/\/brinckan.se\/index.php?rest_route=\/wp\/v2\/pages\/4009","targetHints":{"allow":["GET"]}}],"collection":[{"href":"https:\/\/brinckan.se\/index.php?rest_route=\/wp\/v2\/pages"}],"about":[{"href":"https:\/\/brinckan.se\/index.php?rest_route=\/wp\/v2\/types\/page"}],"author":[{"embeddable":true,"href":"https:\/\/brinckan.se\/index.php?rest_route=\/wp\/v2\/users\/4"}],"replies":[{"embeddable":true,"href":"https:\/\/brinckan.se\/index.php?rest_route=%2Fwp%2Fv2%2Fcomments&post=4009"}],"version-history":[{"count":19,"href":"https:\/\/brinckan.se\/index.php?rest_route=\/wp\/v2\/pages\/4009\/revisions"}],"predecessor-version":[{"id":4829,"href":"https:\/\/brinckan.se\/index.php?rest_route=\/wp\/v2\/pages\/4009\/revisions\/4829"}],"up":[{"embeddable":true,"href":"https:\/\/brinckan.se\/index.php?rest_route=\/wp\/v2\/pages\/3019"}],"wp:attachment":[{"href":"https:\/\/brinckan.se\/index.php?rest_route=%2Fwp%2Fv2%2Fmedia&parent=4009"}],"curies":[{"name":"wp","href":"https:\/\/api.w.org\/{rel}","templated":true}]}}