{"id":4005,"date":"2023-09-24T13:08:14","date_gmt":"2023-09-24T11:08:14","guid":{"rendered":"http:\/\/brinckan.se\/?page_id=4005"},"modified":"2023-09-24T13:08:14","modified_gmt":"2023-09-24T11:08:14","slug":"valberedningen","status":"publish","type":"page","link":"https:\/\/brinckan.se\/?page_id=4005","title":{"rendered":"Valberedningen"},"content":{"rendered":"<p>Valberedningen har en v\u00e4ldigt viktig roll, n\u00e4mligen att utf\u00f6ra det f\u00f6rarbete som kr\u00e4vs f\u00f6r att kunna f\u00f6resl\u00e5 en bra styrelse. Valberedningen f\u00f6ljer kontinuerligt vad som h\u00e4nder i f\u00f6reningen, hur den utvecklas samt om styrelsen beh\u00f6ver kompletteras med viss kunskap eller erfarenhet.<\/p>\n<p>Om du \u00e4r intresserad av att vara med och p\u00e5verka Brf Brinckan 1&#8217;s framtida utveckling genom att arbeta i styrelsen, eller kanske nominera n\u00e5gon medlem till styrelsen \u00e4r du v\u00e4lkommen att kontakta oss.<\/p>\n<h3>Valberedningen<\/h3>\n<p>Karin Knutsson, sammankallande<br \/>\nEmma Bennefall<br \/>\nPeter Davidsson<\/p>\n<p><strong>Vill du veta mer?<\/strong><\/p>\n<p>Kontakta oss p\u00e5 e-post <a href=\"mailto:valberedning@brinckan.se\">valberedning@brinckan.se<\/a><\/p>\n","protected":false},"excerpt":{"rendered":"<p>Valberedningen har en v\u00e4ldigt viktig roll, n\u00e4mligen att utf\u00f6ra det f\u00f6rarbete som kr\u00e4vs f\u00f6r att kunna f\u00f6resl\u00e5 en bra styrelse. Valberedningen f\u00f6ljer kontinuerligt vad som h\u00e4nder i f\u00f6reningen, hur den utvecklas samt om styrelsen beh\u00f6ver kompletteras med viss kunskap eller erfarenhet. Om du \u00e4r intresserad av att vara med och p\u00e5verka Brf Brinckan 1&#8217;s framtida [&hellip;]<\/p>\n","protected":false},"author":4,"featured_media":0,"parent":0,"menu_order":0,"comment_status":"closed","ping_status":"closed","template":"","meta":{"_monsterinsights_skip_tracking":false,"_monsterinsights_sitenote_active":false,"_monsterinsights_sitenote_note":"","_monsterinsights_sitenote_category":0,"_themeisle_gutenberg_block_has_review":false,"footnotes":""},"class_list":["post-4005","page","type-page","status-publish","hentry"],"_links":{"self":[{"href":"https:\/\/brinckan.se\/index.php?rest_route=\/wp\/v2\/pages\/4005","targetHints":{"allow":["GET"]}}],"collection":[{"href":"https:\/\/brinckan.se\/index.php?rest_route=\/wp\/v2\/pages"}],"about":[{"href":"https:\/\/brinckan.se\/index.php?rest_route=\/wp\/v2\/types\/page"}],"author":[{"embeddable":true,"href":"https:\/\/brinckan.se\/index.php?rest_route=\/wp\/v2\/users\/4"}],"replies":[{"embeddable":true,"href":"https:\/\/brinckan.se\/index.php?rest_route=%2Fwp%2Fv2%2Fcomments&post=4005"}],"version-history":[{"count":5,"href":"https:\/\/brinckan.se\/index.php?rest_route=\/wp\/v2\/pages\/4005\/revisions"}],"predecessor-version":[{"id":4808,"href":"https:\/\/brinckan.se\/index.php?rest_route=\/wp\/v2\/pages\/4005\/revisions\/4808"}],"wp:attachment":[{"href":"https:\/\/brinckan.se\/index.php?rest_route=%2Fwp%2Fv2%2Fmedia&parent=4005"}],"curies":[{"name":"wp","href":"https:\/\/api.w.org\/{rel}","templated":true}]}}