{"id":3573,"date":"2014-04-02T22:20:23","date_gmt":"2014-04-02T20:20:23","guid":{"rendered":"http:\/\/brinckan.se\/?page_id=3573"},"modified":"2023-02-20T18:17:15","modified_gmt":"2023-02-20T17:17:15","slug":"motioner","status":"publish","type":"page","link":"https:\/\/brinckan.se\/?page_id=3573","title":{"rendered":"Guide f\u00f6r motioner"},"content":{"rendered":"<h4>Hur ska styrelsen hantera en motion?<\/h4>\n<p>Det finns inte mycket v\u00e4gledning att h\u00e4mta fr\u00e5n lagstiftningen. Av lagen om ekonomiska f\u00f6reningar framg\u00e5r att en medlem har r\u00e4tt att f\u00e5 ett \u00e4rende behandlat vid en f\u00f6reningsst\u00e4mma samt att det av kallelsen till st\u00e4mman tydligt ska anges de \u00e4renden som ska f\u00f6rekomma p\u00e5 st\u00e4mman.<\/p>\n<h4>Vad \u00e4r en motion egentligen?<\/h4>\n<p>Ibland \u00e4r det sv\u00e5rt att avg\u00f6ra om en handling som kommer in till styrelsen \u00e4r en motion eller inte. En motion ska inneh\u00e5lla ett f\u00f6rslag till beslut, det vill s\u00e4ga n\u00e5got som st\u00e4mman kan fatta beslut om.<\/p>\n<h4>N\u00e4r kan en motion l\u00e4mnas in?<\/h4>\n<p>Medlem som \u00f6nskar f\u00e5 visst \u00e4rende behandlat vid ordinarie f\u00f6reningsst\u00e4mma skall skriftligen anm\u00e4la \u00e4rendet till <a title=\"Styrelsen\" href=\"http:\/\/brinckan.se\/?page_id=2738\">styrelsen<\/a> senast 27 dagar f\u00f6re st\u00e4mman. F\u00f6r ytterligare info, se \u00a731 i <a title=\"Stadgar\" href=\"http:\/\/brinckan.se\/?page_id=2754\">stadgarna<\/a>.<\/p>\n<p>Styrelsen \u00e4r alltid skyldig att ta upp motioner som kommit in i tid till f\u00f6reningsst\u00e4mman, oavsett om fr\u00e5gan till exempel just har avgjorts p\u00e5 en tidigare f\u00f6reningsst\u00e4mma.<\/p>\n","protected":false},"excerpt":{"rendered":"<p>Hur ska styrelsen hantera en motion? Det finns inte mycket v\u00e4gledning att h\u00e4mta fr\u00e5n lagstiftningen. Av lagen om ekonomiska f\u00f6reningar framg\u00e5r att en medlem har r\u00e4tt att f\u00e5 ett \u00e4rende behandlat vid en f\u00f6reningsst\u00e4mma samt att det av kallelsen till st\u00e4mman tydligt ska anges de \u00e4renden som ska f\u00f6rekomma p\u00e5 st\u00e4mman. Vad \u00e4r en motion [&hellip;]<\/p>\n","protected":false},"author":4,"featured_media":0,"parent":0,"menu_order":0,"comment_status":"closed","ping_status":"open","template":"","meta":{"_monsterinsights_skip_tracking":false,"_monsterinsights_sitenote_active":false,"_monsterinsights_sitenote_note":"","_monsterinsights_sitenote_category":0,"_themeisle_gutenberg_block_has_review":false,"footnotes":""},"class_list":["post-3573","page","type-page","status-publish","hentry"],"_links":{"self":[{"href":"https:\/\/brinckan.se\/index.php?rest_route=\/wp\/v2\/pages\/3573","targetHints":{"allow":["GET"]}}],"collection":[{"href":"https:\/\/brinckan.se\/index.php?rest_route=\/wp\/v2\/pages"}],"about":[{"href":"https:\/\/brinckan.se\/index.php?rest_route=\/wp\/v2\/types\/page"}],"author":[{"embeddable":true,"href":"https:\/\/brinckan.se\/index.php?rest_route=\/wp\/v2\/users\/4"}],"replies":[{"embeddable":true,"href":"https:\/\/brinckan.se\/index.php?rest_route=%2Fwp%2Fv2%2Fcomments&post=3573"}],"version-history":[{"count":5,"href":"https:\/\/brinckan.se\/index.php?rest_route=\/wp\/v2\/pages\/3573\/revisions"}],"predecessor-version":[{"id":4591,"href":"https:\/\/brinckan.se\/index.php?rest_route=\/wp\/v2\/pages\/3573\/revisions\/4591"}],"wp:attachment":[{"href":"https:\/\/brinckan.se\/index.php?rest_route=%2Fwp%2Fv2%2Fmedia&parent=3573"}],"curies":[{"name":"wp","href":"https:\/\/api.w.org\/{rel}","templated":true}]}}