{"id":3049,"date":"2014-01-09T02:24:31","date_gmt":"2014-01-09T01:24:31","guid":{"rendered":"http:\/\/brinckan.se\/?page_id=3049"},"modified":"2023-02-26T17:25:49","modified_gmt":"2023-02-26T16:25:49","slug":"gastrum-och-bastu","status":"publish","type":"page","link":"https:\/\/brinckan.se\/?page_id=3049","title":{"rendered":"G\u00e4strum och bastu"},"content":{"rendered":"\n<h3 class=\"wp-block-heading\">Info och bokningsregler<\/h3>\n\n\n\n<p>Du bokar p\u00e5 den digitala bokningstavlan som \u00e4r p\u00e5 v\u00e4ggen vid grovtv\u00e4ttstugan mittemot port 7. Du bokar med dina taggar som ocks\u00e5 l\u00e5ser upp d\u00f6rren n\u00e4r din bokning startar. Passen \u00e4r mellan 12:00-11:59 dagen efter och kostar 100kr\/dygn oavsett om du ska basta eller anv\u00e4nda g\u00e4stl\u00e4genheten.<\/p>\n\n\n\n<p><\/p>\n\n\n\n<p><\/p>\n\n\n\n<p>St\u00e4dning beh\u00f6ver ske innan passets slut eftersom du inte kommer in igen efter den tiden.<\/p>\n\n\n\n<p><\/p>\n\n\n\n<hr class=\"wp-block-separator has-alpha-channel-opacity\"\/>\n\n\n\n<p><\/p>\n\n\n\n<figure class=\"wp-block-gallery has-nested-images columns-default is-cropped wp-block-gallery-1 is-layout-flex wp-block-gallery-is-layout-flex\">\n<figure class=\"wp-block-image size-large\"><a href=\"https:\/\/brinckan.se\/wp-content\/uploads\/2023\/02\/IMG_2096-scaled.jpg\"><img fetchpriority=\"high\" decoding=\"async\" width=\"768\" height=\"1024\" data-id=\"4708\" src=\"https:\/\/brinckan.se\/wp-content\/uploads\/2023\/02\/IMG_2096-768x1024.jpg\" alt=\"\" class=\"wp-image-4708\"\/><\/a><\/figure>\n\n\n\n<figure class=\"wp-block-image size-large\"><a href=\"https:\/\/brinckan.se\/wp-content\/uploads\/2013\/11\/kok.jpg\"><img decoding=\"async\" width=\"380\" height=\"291\" data-id=\"2914\" src=\"https:\/\/brinckan.se\/wp-content\/uploads\/2013\/11\/kok.jpg\" alt=\"\" class=\"wp-image-2914\"\/><\/a><\/figure>\n\n\n\n<figure class=\"wp-block-image size-large\"><a href=\"https:\/\/brinckan.se\/wp-content\/uploads\/2023\/02\/IMG_2203-scaled.jpg\"><img decoding=\"async\" width=\"1024\" height=\"768\" data-id=\"4707\" src=\"https:\/\/brinckan.se\/wp-content\/uploads\/2023\/02\/IMG_2203-1024x768.jpg\" alt=\"\" class=\"wp-image-4707\" srcset=\"https:\/\/brinckan.se\/wp-content\/uploads\/2023\/02\/IMG_2203-1024x768.jpg 1024w, https:\/\/brinckan.se\/wp-content\/uploads\/2023\/02\/IMG_2203-768x576.jpg 768w\" sizes=\"(max-width: 1024px) 100vw, 1024px\" \/><\/a><\/figure>\n\n\n\n<figure class=\"wp-block-image size-large\"><a href=\"https:\/\/brinckan.se\/wp-content\/uploads\/2023\/02\/IMG_2204-scaled.jpg\"><img loading=\"lazy\" decoding=\"async\" width=\"768\" height=\"1024\" data-id=\"4706\" src=\"https:\/\/brinckan.se\/wp-content\/uploads\/2023\/02\/IMG_2204-768x1024.jpg\" alt=\"\" class=\"wp-image-4706\"\/><\/a><\/figure>\n\n\n\n<figure class=\"wp-block-image size-large\"><a href=\"https:\/\/brinckan.se\/wp-content\/uploads\/2013\/11\/bastu.jpg\"><img loading=\"lazy\" decoding=\"async\" width=\"380\" height=\"285\" data-id=\"2855\" src=\"https:\/\/brinckan.se\/wp-content\/uploads\/2013\/11\/bastu.jpg\" alt=\"\" class=\"wp-image-2855\"\/><\/a><\/figure>\n<\/figure>\n","protected":false},"excerpt":{"rendered":"<p>Info och bokningsregler Du bokar p\u00e5 den digitala bokningstavlan som \u00e4r p\u00e5 v\u00e4ggen vid grovtv\u00e4ttstugan mittemot port 7. Du bokar med dina taggar som ocks\u00e5 l\u00e5ser upp d\u00f6rren n\u00e4r din bokning startar. Passen \u00e4r mellan 12:00-11:59 dagen efter och kostar 100kr\/dygn oavsett om du ska basta eller anv\u00e4nda g\u00e4stl\u00e4genheten. St\u00e4dning beh\u00f6ver ske innan passets slut [&hellip;]<\/p>\n","protected":false},"author":4,"featured_media":0,"parent":3019,"menu_order":0,"comment_status":"closed","ping_status":"open","template":"","meta":{"_monsterinsights_skip_tracking":false,"_monsterinsights_sitenote_active":false,"_monsterinsights_sitenote_note":"","_monsterinsights_sitenote_category":0,"_themeisle_gutenberg_block_has_review":false,"footnotes":""},"class_list":["post-3049","page","type-page","status-publish","hentry"],"_links":{"self":[{"href":"https:\/\/brinckan.se\/index.php?rest_route=\/wp\/v2\/pages\/3049","targetHints":{"allow":["GET"]}}],"collection":[{"href":"https:\/\/brinckan.se\/index.php?rest_route=\/wp\/v2\/pages"}],"about":[{"href":"https:\/\/brinckan.se\/index.php?rest_route=\/wp\/v2\/types\/page"}],"author":[{"embeddable":true,"href":"https:\/\/brinckan.se\/index.php?rest_route=\/wp\/v2\/users\/4"}],"replies":[{"embeddable":true,"href":"https:\/\/brinckan.se\/index.php?rest_route=%2Fwp%2Fv2%2Fcomments&post=3049"}],"version-history":[{"count":23,"href":"https:\/\/brinckan.se\/index.php?rest_route=\/wp\/v2\/pages\/3049\/revisions"}],"predecessor-version":[{"id":4732,"href":"https:\/\/brinckan.se\/index.php?rest_route=\/wp\/v2\/pages\/3049\/revisions\/4732"}],"up":[{"embeddable":true,"href":"https:\/\/brinckan.se\/index.php?rest_route=\/wp\/v2\/pages\/3019"}],"wp:attachment":[{"href":"https:\/\/brinckan.se\/index.php?rest_route=%2Fwp%2Fv2%2Fmedia&parent=3049"}],"curies":[{"name":"wp","href":"https:\/\/api.w.org\/{rel}","templated":true}]}}