{"id":3019,"date":"2014-01-08T21:31:01","date_gmt":"2014-01-08T20:31:01","guid":{"rendered":"http:\/\/brinckan.se\/?page_id=3019"},"modified":"2023-02-26T22:04:31","modified_gmt":"2023-02-26T21:04:31","slug":"lokaler","status":"publish","type":"page","link":"https:\/\/brinckan.se\/?page_id=3019","title":{"rendered":"Fastigheten"},"content":{"rendered":"<h4 id=\"Tvattstugor\">Tv\u00e4ttstugor<\/h4>\n<p>Tv\u00e4ttstugorna finns i anslutning till varje port p\u00e5 plan -1 (i port 1 p\u00e5 plan 1). Du n\u00e5r dit via trapp eller hiss. P\u00e5 bokningstavlan utanf\u00f6r varje tv\u00e4ttstuga kan du boka tv\u00e4ttider med hj\u00e4lp av ett bokningsl\u00e5s m\u00e4rkt med ditt l\u00e4genhetsnummer. St\u00e4da tv\u00e4ttstugan efter dig n\u00e4r du tv\u00e4ttat f\u00e4rdigt, s\u00e5 \u00e4r det snyggt och trevligt n\u00e4sta g\u00e5ng. Den angivna tiden ska r\u00e4cka till b\u00e5de tv\u00e4tt och tork.<\/p>\n<h4 id=\"Cykel\">Cykel och barnvagnsrum<\/h4>\n<p>F\u00f6reningen har 4 cykelrum och 2 barnvagnsrum. F\u00f6r tilltr\u00e4de till barnvagnsrum kontakta styrelsen p\u00e5 <a href=\"mailto:kontakt@brinckan.se\">kontakt@brinckan.se<\/a><\/p>\n<h4 id=\"Atervinning\">\u00c5tervinning och sophantering<\/h4>\n<p>I f\u00f6reningen kan du \u00e5tervinna det mesta. Bredvid port 1 finns tv\u00e5 milj\u00f6rum. I det v\u00e4nstra kan du \u00e5tervinna tidningar, plast, metall, wellpapp och kartong. Och i det h\u00f6gra rummet finns k\u00e4rl f\u00f6r grovsopor, el-sopor, glas, matavfall, ljusk\u00e4llor och batterier.<\/p>\n<p>Mer information om hur du tar hand om ditt restavfall hittar du <a href=\"https:\/\/brinckan.se\/?page_id=3114#sophantering\">h\u00e4r<\/a>.<\/p>\n<h4 id=\"Grovtvattstuga\">Grovtv\u00e4ttstuga<\/h4>\n<p>Mittemot port 7 hittar du grovtv\u00e4ttstugan. H\u00e4r kan du tv\u00e4tta och piska dina mattor. Du bokar tider med hj\u00e4lp av l\u00e4mplig kork m\u00e4rkt med l\u00e4genhetsnummer. Bokningslistan finns p\u00e5 tavlan utanf\u00f6r, mittemot d\u00f6rren i korridoren.<\/p>\n<h4 id=\"Tradgarden\">Tr\u00e4dg\u00e5rden<\/h4>\n<p>Tr\u00e4dg\u00e5rden \u00e4r vi stolta \u00f6ver och tillsammans ser vi till att den \u00e4r fin och ren. Tr\u00e4dg\u00e5rdsarbetet sk\u00f6ts av Rubb &amp; Stubb Tr\u00e4dg\u00e5rdssk\u00f6tsel, men du som medlem \u00e4r v\u00e4lkommen att engagera dig. P\u00e5 sommaren beh\u00f6vs det alltid hj\u00e4lp med vattning, ta bort ogr\u00e4s eller g\u00f6ra andra sm\u00e5sysslor. Tr\u00e4dg\u00e5rdsm\u00f6blerna \u00e4r till f\u00f6r alla medlemmar att anv\u00e4nda. Kontakta n\u00e5gon i <a title=\"Styrelsen\" href=\"http:\/\/brinckan.se\/?page_id=2738\">styrelsen<\/a> om du vill veta mer eller har id\u00e9er om tr\u00e4dg\u00e5rden.<\/p>\n<h4 id=\"Bredband\">Bredbandsanslutning och IP-telefoni<\/h4>\n<p>Fastigheten erbjuder tv\u00e5 olika bredbandsm\u00f6jligheter. Vi har ett gruppavtal med Tele2, vilket inneb\u00e4r att i m\u00e5nadsavgiften f\u00f6r varje l\u00e4genhet ing\u00e5r det bredband och abonnemangsavgift p\u00e5 ip-telefoni via Tele2. Samtalsavgifter tillkommer. G\u00e5 in p\u00e5 Tele2s <a title=\"Com Hem\" href=\"https:\/\/www.tele2.se\/\" target=\"_blank\" rel=\"noopener noreferrer\">hemsida<\/a> f\u00f6r att f\u00e5 aktuella kontaktuppgifter till kundservice om du vill veta mer eller ansluta dig.<\/p>\n<p>Fastigheten \u00e4r \u00e4ven ansluten till internet via ett fast n\u00e4t. I varje l\u00e4genhet finns ett uttag i hallen (ev. p\u00e5 annat st\u00e4lle i vissa l\u00e4genheter). H\u00e4r har vi Telenor som leverant\u00f6r. Kontakta Telenor om du vill abonnera p\u00e5 den tj\u00e4nsten. F\u00f6r att f\u00e5 veta mera bes\u00f6k Telenors <a title=\"Bredbandsbolaget\" href=\"https:\/\/www.telenor.se\/\" target=\"_blank\" rel=\"noopener noreferrer\">hemsida<\/a> eller ring kundtj\u00e4nst p\u00e5 <span class=\"font-h3\">020-222 222<\/span>.<\/p>\n<h4 id=\"Kabel-TV\">Kabel-TV<\/h4>\n<p>Fastigheten \u00e4r ansluten till kabel-TV via Tele2. Om du vill best\u00e4lla digital TV g\u00e5 in p\u00e5 deras <a title=\"Com Hem\" href=\"https:\/\/www.tele2.se\/\" target=\"_blank\" rel=\"noopener noreferrer\">hemsida<\/a>.<\/p>\n<h4 id=\"Spiskapor\">Spisk\u00e5por och ventilation<\/h4>\n<p>V\u00e5r fastighet \u00e4r utrustad med central ventilation. Det inneb\u00e4r att utsuget ovanf\u00f6r spisen i varje k\u00f6k sker med centrala fl\u00e4ktar. F\u00f6r att den ska fungera \u00e4r det bara till\u00e5tet att installera spisk\u00e5por som \u00e4r avsedda f\u00f6r centralt utsug. Man m\u00e5ste vara observant p\u00e5 att anslutning till ventilationen \u00e4r placerad p\u00e5 r\u00e4tt sida f\u00f6r att undvika problem vid installationen.<\/p>\n<p>Spisk\u00e5por och k\u00f6ksfl\u00e4ktar med egen inbyggd fl\u00e4kt f\u00e5r inte installeras. D\u00e5 rubbas hela fastighetens ventilation och matos och andra lukter kommer att pressas in hos dina grannar.<\/p>\n<p>Kolfilterfl\u00e4ktar med inbyggd fl\u00e4kt f\u00e5r installeras s\u00e5 l\u00e4nge de inte ansluts till fastighetens centrala ventilationssystem. Nedan finner ni exempel p\u00e5 en leverant\u00f6rer av spisk\u00e5por som uppfyller de krav som v\u00e5r ventilationsanl\u00e4ggning st\u00e4ller:<\/p>\n<p>F\u00f6r information om vilka spisk\u00e5por du f\u00e5r installera i din l\u00e4genhet kontakta v\u00e5r fastighetssk\u00f6tare <a href=\"http:\/\/brinckan.se\/?page_id=2791\">Borg &amp; Merio<\/a>.<\/p>\n<h4 id=\"Planlosningar\">Planl\u00f6sningar f\u00f6r l\u00e4genheten<\/h4>\n<p><a href=\"http:\/\/brinckan.se\/?page_id=2847\">H\u00e4r<\/a> hittar du planl\u00f6sningar f\u00f6r alla l\u00e4genheter i Brf Brinckan 1. Om du vill veta mer kontakta g\u00e4rna n\u00e5gon av oss i f\u00f6reningens <a title=\"Styrelsen\" href=\"http:\/\/brinckan.se\/?page_id=2738\">styrelse<\/a>.<\/p>\n","protected":false},"excerpt":{"rendered":"<p>Tv\u00e4ttstugor Tv\u00e4ttstugorna finns i anslutning till varje port p\u00e5 plan -1 (i port 1 p\u00e5 plan 1). Du n\u00e5r dit via trapp eller hiss. P\u00e5 bokningstavlan utanf\u00f6r varje tv\u00e4ttstuga kan du boka tv\u00e4ttider med hj\u00e4lp av ett bokningsl\u00e5s m\u00e4rkt med ditt l\u00e4genhetsnummer. St\u00e4da tv\u00e4ttstugan efter dig n\u00e4r du tv\u00e4ttat f\u00e4rdigt, s\u00e5 \u00e4r det snyggt och [&hellip;]<\/p>\n","protected":false},"author":4,"featured_media":0,"parent":0,"menu_order":0,"comment_status":"closed","ping_status":"open","template":"","meta":{"_monsterinsights_skip_tracking":false,"_monsterinsights_sitenote_active":false,"_monsterinsights_sitenote_note":"","_monsterinsights_sitenote_category":0,"_themeisle_gutenberg_block_has_review":false,"footnotes":""},"class_list":["post-3019","page","type-page","status-publish","hentry"],"_links":{"self":[{"href":"https:\/\/brinckan.se\/index.php?rest_route=\/wp\/v2\/pages\/3019","targetHints":{"allow":["GET"]}}],"collection":[{"href":"https:\/\/brinckan.se\/index.php?rest_route=\/wp\/v2\/pages"}],"about":[{"href":"https:\/\/brinckan.se\/index.php?rest_route=\/wp\/v2\/types\/page"}],"author":[{"embeddable":true,"href":"https:\/\/brinckan.se\/index.php?rest_route=\/wp\/v2\/users\/4"}],"replies":[{"embeddable":true,"href":"https:\/\/brinckan.se\/index.php?rest_route=%2Fwp%2Fv2%2Fcomments&post=3019"}],"version-history":[{"count":125,"href":"https:\/\/brinckan.se\/index.php?rest_route=\/wp\/v2\/pages\/3019\/revisions"}],"predecessor-version":[{"id":4737,"href":"https:\/\/brinckan.se\/index.php?rest_route=\/wp\/v2\/pages\/3019\/revisions\/4737"}],"wp:attachment":[{"href":"https:\/\/brinckan.se\/index.php?rest_route=%2Fwp%2Fv2%2Fmedia&parent=3019"}],"curies":[{"name":"wp","href":"https:\/\/api.w.org\/{rel}","templated":true}]}}