{"id":2983,"date":"2013-11-19T01:16:21","date_gmt":"2013-11-19T00:16:21","guid":{"rendered":"http:\/\/brinckan.se\/?page_id=2983"},"modified":"2025-06-16T22:20:37","modified_gmt":"2025-06-16T20:20:37","slug":"dokument","status":"publish","type":"page","link":"https:\/\/brinckan.se\/?page_id=2983","title":{"rendered":"F\u00f6reningsdokument"},"content":{"rendered":"\n<h2 class=\"wp-block-heading\">2025<\/h2>\n\n\n\n<h3 class=\"wp-block-heading\">Kallelse och dokument till f\u00f6reningsst\u00e4mma 26 maj 2025<\/h3>\n\n\n\n<p><a href=\"https:\/\/brinckan.se\/wp-content\/uploads\/2025\/05\/Kallelse-arsstamma-2025.pdf\" target=\"_blank\" rel=\"noreferrer noopener\">Kallelse till f\u00f6reningsst\u00e4mma<\/a><\/p>\n\n\n\n<p><a href=\"https:\/\/brinckan.se\/wp-content\/uploads\/2025\/05\/Fullmakt-for-ombud-2025.pdf\" target=\"_blank\" rel=\"noreferrer noopener\">Fullmakt f\u00f6r ombud<\/a><\/p>\n\n\n\n<p><a href=\"https:\/\/brinckan.se\/wp-content\/uploads\/2025\/05\/Propositioner-motioner-och-styrelsens-yttrande-anonym-version-2025-05-26.pdf\" target=\"_blank\" rel=\"noreferrer noopener\">Propositioner, motioner och styrelsens svar<\/a><\/p>\n\n\n\n<p><a href=\"https:\/\/brinckan.se\/wp-content\/uploads\/2025\/05\/Valberedningens-forslag-styrelse-samt-arvoden-2025.pdf\" target=\"_blank\" rel=\"noreferrer noopener\">Valberedningens f\u00f6rslag till styrelse samt arvoden<\/a><\/p>\n\n\n\n<h3 class=\"wp-block-heading\">Dokument fr\u00e5n f\u00f6reningsst\u00e4mman 26 maj 2025<\/h3>\n\n\n\n<p><a href=\"https:\/\/brinckan.se\/wp-content\/uploads\/2025\/06\/Publik-arsredovisning-2024-Bostadsrattsforeningen-Brinckan-1.pdf\" target=\"_blank\" rel=\"noreferrer noopener\">\u00c5rsredovisning 2024<\/a><\/p>\n\n\n\n<p><a href=\"https:\/\/brinckan.se\/wp-content\/uploads\/2025\/06\/Arsmotesprotokoll-2025.pdf\" target=\"_blank\" rel=\"noreferrer noopener\">Protokoll fr\u00e5n f\u00f6reningsst\u00e4mma 26 maj 2025<\/a><\/p>\n\n\n\n<p><\/p>\n\n\n\n<h2 class=\"wp-block-heading\">2024<\/h2>\n\n\n\n<p><\/p>\n\n\n\n<h3 class=\"wp-block-heading\">Kallelse och dokument till extra f\u00f6reningsst\u00e4mma 3 oktober 2024<\/h3>\n\n\n\n<p><a href=\"https:\/\/brinckan.se\/wp-content\/uploads\/2024\/09\/Kallelse-extrastamma.pdf\" target=\"_blank\" rel=\"noreferrer noopener\">Kallelse till extra f\u00f6reningsst\u00e4mma 3 oktober 2024<\/a><\/p>\n\n\n\n<p><a href=\"https:\/\/brinckan.se\/wp-content\/uploads\/2024\/09\/Nya-stadgar-for-Brf-Brinckan-1.pdf\" data-type=\"link\" data-id=\"https:\/\/brinckan.se\/wp-content\/uploads\/2024\/09\/Nya-stadgar-for-Brf-Brinckan-1.pdf\" target=\"_blank\" rel=\"noreferrer noopener\">Nya stadgar f\u00f6r BRF Brinckan 1<\/a><\/p>\n\n\n\n<p><a href=\"https:\/\/brinckan.se\/wp-content\/uploads\/2024\/09\/Underlag-propositioner.pdf\" target=\"_blank\" rel=\"noreferrer noopener\">Underlag propositioner<\/a><\/p>\n\n\n\n<p><a href=\"https:\/\/brinckan.se\/wp-content\/uploads\/2024\/09\/Fullmakt-for-ombud-2024-extra-stamma.pdf\" data-type=\"link\" data-id=\"https:\/\/brinckan.se\/wp-content\/uploads\/2024\/09\/Fullmakt-for-ombud-2024-extra-stamma.pdf\" target=\"_blank\" rel=\"noreferrer noopener\">Fullmakt f\u00f6r ombud<\/a><\/p>\n\n\n\n<p><a href=\"https:\/\/brinckan.se\/wp-content\/uploads\/2024\/10\/Protokoll-extrastamma-2024-Signerat-dolda-personnummer.pdf\" data-type=\"link\" data-id=\"https:\/\/brinckan.se\/wp-content\/uploads\/2024\/10\/Protokoll-extrastamma-2024-Signerat-dolda-personnummer.pdf\" target=\"_blank\" rel=\"noreferrer noopener\">Protokoll fr\u00e5n extra f\u00f6reningsst\u00e4mma 3 oktober 2024<\/a><\/p>\n\n\n\n<br>\n\n\n\n<p><\/p>\n\n\n\n<h3 class=\"wp-block-heading\">Dokumenten fr\u00e5n den ordinarie f\u00f6reningsst\u00e4mman 23 maj 2024 <\/h3>\n\n\n\n<p><a href=\"https:\/\/brinckan.se\/wp-content\/uploads\/2024\/05\/Kallelse-arsstamma-2024.pdf\">Kallelse till f\u00f6reningsst\u00e4mma<\/a><\/p>\n\n\n\n<p><a href=\"https:\/\/brinckan.se\/wp-content\/uploads\/2024\/05\/Fullmakt-for-ombud-2024.pdf\">Fullmakt f\u00f6r ombud<\/a><\/p>\n\n\n\n<p><a href=\"https:\/\/brinckan.se\/wp-content\/uploads\/2024\/05\/Propositioner-motioner-och-styrelsens-yttrande-anonym-version-2024-05-08-21.05.pdf\">Propositioner, motioner och styrelsens svar<\/a><\/p>\n\n\n\n<p><a href=\"https:\/\/brinckan.se\/wp-content\/uploads\/2024\/05\/240520-Nya-stadgar-for-Brf-Brinckan-1.pdf\">Nya stadgar f\u00f6r brf Brinckan 1<\/a><\/p>\n\n\n\n<p><a href=\"https:\/\/brinckan.se\/wp-content\/uploads\/2024\/05\/Valberedningens-forslag-styrelse-och-internrevisor-2024.docx.pdf\">Valberedningens f\u00f6rslag till ledam\u00f6ter, suppleanter och revisorer<\/a><\/p>\n\n\n\n<p><a href=\"https:\/\/brinckan.se\/wp-content\/uploads\/2024\/05\/Forslag-till-arvoden-2024.docx.pdf\">Valberedningens f\u00f6rslag till arvode f\u00f6r ledam\u00f6ter och internrevisor samt styrelsens f\u00f6rslag till arvode f\u00f6r valberedningen<\/a><\/p>\n\n\n\n<p><a href=\"https:\/\/brinckan.se\/wp-content\/uploads\/2024\/05\/Brinckan-1-AR-2023.pdf\">\u00c5rsredovisning 2023<\/a><br><br><a href=\"https:\/\/brinckan.se\/wp-content\/uploads\/2024\/05\/Forteckning-over-andringar-stadgar-2024.pdf\">F\u00f6rteckning \u00f6ver \u00e4ndringar av stadgar 2024<\/a><br><\/p>\n\n\n\n<p><a href=\"https:\/\/brinckan.se\/wp-content\/uploads\/2024\/06\/Protokoll-foreningesstamma-BRF-Brinckan-1-2024-05-23.pdf\">Protokoll fr\u00e5n f\u00f6reningsst\u00e4mman 2024-05-23<\/a><\/p>\n\n\n\n<p><\/p>\n\n\n<hr \/>\n<h4>Arkiv \u00f6ver gamla \u00e5rsredovisningar<\/h4>\n\n\n<div id=\"wp-block-themeisle-blocks-tabs-db88533e\" class=\"wp-block-themeisle-blocks-tabs\"><div class=\"wp-block-themeisle-blocks-tabs__content\">\n<div data-title=\"\u00c5rsredovisningar 2021-2025\" class=\"wp-block-themeisle-blocks-tabs-item\"><div class=\"wp-block-themeisle-blocks-tabs-item__header\" tabindex=\"0\">\u00c5rsredovisningar 2021-2025<\/div><div class=\"wp-block-themeisle-blocks-tabs-item__content\">\n<ul class=\"wp-block-list\">\n<li><a href=\"https:\/\/brinckan.se\/wp-content\/uploads\/2023\/06\/Brickan-1-AR-2022.pdf\" target=\"_blank\" rel=\"noreferrer noopener\">\u00c5rsredovisning<\/a> 2022. <a href=\"https:\/\/brinckan.se\/wp-content\/uploads\/2023\/06\/Protokoll-arsstamma-brf-Brinckan-1-2023-05-31-signerat.pdf\" target=\"_blank\" rel=\"noreferrer noopener\">Protokoll<\/a> fr\u00e5n \u00e5rsst\u00e4mman 2023-05-31.<\/li>\n\n\n\n<li><a href=\"https:\/\/brinckan.se\/wp-content\/uploads\/2022\/06\/Arsredovisning-BRF-Brinckan-1-2021-01-01-12-31.pdf\" target=\"_blank\" rel=\"noreferrer noopener\">\u00c5rsredovisning<\/a> 2021. <a href=\"https:\/\/brinckan.se\/wp-content\/uploads\/2022\/06\/Protokoll-a\u030arssta\u0308mma-2022-05-31.pdf\" target=\"_blank\" rel=\"noreferrer noopener\">Protokoll<\/a> fr\u00e5n \u00e5rsst\u00e4mman.<\/li>\n<\/ul>\n<\/div><\/div>\n\n\n\n<div data-title=\"\u00c5rsredovisningar 2020-2015\" class=\"wp-block-themeisle-blocks-tabs-item\"><div class=\"wp-block-themeisle-blocks-tabs-item__header\" tabindex=\"0\">\u00c5rsredovisningar 2020-2015<\/div><div class=\"wp-block-themeisle-blocks-tabs-item__content\">\n<ul class=\"wp-block-list\">\n<li><a href=\"https:\/\/brinckan.se\/wp-content\/uploads\/2021\/06\/arsredovisning_20_Brinckan1_2862.pdf\" target=\"_blank\" rel=\"noreferrer noopener\">\u00c5rsredovisning<\/a> 2020. <a rel=\"noreferrer noopener\" href=\"https:\/\/brinckan.se\/wp-content\/uploads\/2021\/06\/protokoll_arssta%CC%88mma_20210620.pdf\" target=\"_blank\">Protokoll<\/a> fr\u00e5n st\u00e4mman.<\/li>\n\n\n\n<li><a href=\"https:\/\/brinckan.se\/wp-content\/uploads\/2020\/07\/arsredovisning_19_Brinckan1_2862.pdf\" target=\"_blank\" rel=\"noreferrer noopener\">\u00c5rsredovisning<\/a> 2019. <a href=\"https:\/\/brinckan.se\/wp-content\/uploads\/2020\/07\/Protokoll-ordinarie-stamma-BRF-Brinckan-2020-06-15-signerat.pdf\" target=\"_blank\" rel=\"noreferrer noopener\">Protokoll<\/a> fr\u00e5n st\u00e4mman.<\/li>\n\n\n\n<li><a href=\"http:\/\/brinckan.se\/wp-content\/uploads\/2019\/06\/arsredovisning_18_Brinckan1_2802.pdf\" target=\"_blank\" rel=\"noreferrer noopener\">\u00c5rsredovisning<\/a> 2018. <a href=\"http:\/\/brinckan.se\/wp-content\/uploads\/2019\/06\/Protokoll-arsstamma-BRF-Brinckan-1-2019-06-11-signerad.pdf\" target=\"_blank\" rel=\"noreferrer noopener\">Protokoll<\/a> fr\u00e5n st\u00e4mman.<\/li>\n\n\n\n<li><a href=\"http:\/\/brinckan.se\/wp-content\/uploads\/2018\/10\/arsredovisning_17_Brinckan_signerad.pdf\" target=\"_blank\" rel=\"noreferrer noopener\">\u00c5rsredovisning<\/a> 2017. Protokoll fr\u00e5n st\u00e4mman &#8211; Kontakta styrelsen pga GDPR.<\/li>\n\n\n\n<li><a href=\"http:\/\/brinckan.se\/wp-content\/uploads\/2017\/07\/arsredovisning_16_Brinckan1_2862.pdf\" target=\"_blank\" rel=\"noreferrer noopener\">\u00c5rsredovisning<\/a> 2016. <a href=\"http:\/\/brinckan.se\/wp-content\/uploads\/2018\/04\/Sta%CC%88mmoprotokoll-2017-exkl-bilagor.pdf\" target=\"_blank\" rel=\"noreferrer noopener\">Protokoll<\/a> fr\u00e5n st\u00e4mman.<\/li>\n\n\n\n<li><a href=\"http:\/\/brinckan.se\/wp-content\/uploads\/2016\/06\/arsredovisning_15_Brinckan1_2862.pdf\" data-type=\"URL\" data-id=\"http:\/\/brinckan.se\/wp-content\/uploads\/2016\/06\/arsredovisning_15_Brinckan1_2862.pdf\" target=\"_blank\" rel=\"noreferrer noopener\">\u00c5rsredovisning<\/a> 2015. <a href=\"http:\/\/brinckan.se\/wp-content\/uploads\/2017\/03\/A%CC%8Arssta%CC%88mma-BRF-Brinckan-2016.pdf\" target=\"_blank\" rel=\"noreferrer noopener\">Protokoll<\/a> fr\u00e5n st\u00e4mman.<\/li>\n<\/ul>\n<\/div><\/div>\n\n\n\n<div data-title=\"\u00c5rsredovisningar 2014-2010\" class=\"wp-block-themeisle-blocks-tabs-item\"><div class=\"wp-block-themeisle-blocks-tabs-item__header\" tabindex=\"0\">\u00c5rsredovisningar 2014-2010<\/div><div class=\"wp-block-themeisle-blocks-tabs-item__content\">\n<ul class=\"wp-block-list\">\n<li><a href=\"http:\/\/brinckan.se\/wp-content\/uploads\/2015\/06\/arsredovisning_14_Brinckan1_2862-signerad.pdf\" data-type=\"URL\" data-id=\"http:\/\/brinckan.se\/wp-content\/uploads\/2015\/06\/arsredovisning_14_Brinckan1_2862-signerad.pdf\" target=\"_blank\" rel=\"noreferrer noopener\">\u00c5rsredovisning<\/a> 2014. <a href=\"http:\/\/brinckan.se\/wp-content\/uploads\/2015\/12\/Protokoll-stamma-2015-signerat.pdf\" target=\"_blank\" rel=\"noreferrer noopener\">Protokoll<\/a> fr\u00e5n st\u00e4mman.<\/li>\n\n\n\n<li><a href=\"http:\/\/brinckan.se\/wp-content\/uploads\/2014\/05\/brinckan_arsredovisning_2013.pdf\" target=\"_blank\" rel=\"noreferrer noopener\">\u00c5rsredovisning<\/a> 2013. Protokoll fr\u00e5n st\u00e4mman.<\/li>\n\n\n\n<li><a href=\"http:\/\/brinckan.se\/wp-content\/uploads\/2013\/11\/brinckan_arsredovisning_2012.pdf\" target=\"_blank\" rel=\"noreferrer noopener\">\u00c5rsredovisning<\/a> 2012. Protokoll fr\u00e5n st\u00e4mman.<\/li>\n\n\n\n<li><a href=\"http:\/\/brinckan.se\/wp-content\/uploads\/2013\/11\/brinckan_arsredovisning_2011.pdf\" target=\"_blank\" rel=\"noreferrer noopener\">\u00c5rsredovisning<\/a> 2011. Protokoll fr\u00e5n st\u00e4mman.<\/li>\n\n\n\n<li><a href=\"http:\/\/brinckan.se\/wp-content\/uploads\/2013\/11\/brinckan_arsredovisning_2010.pdf\">\u00c5rsredovisning<\/a> 2010. Protokoll fr\u00e5n st\u00e4mman.<\/li>\n<\/ul>\n<\/div><\/div>\n\n\n\n<div data-title=\"\u00c5rsredovisningar 2009-1998\" class=\"wp-block-themeisle-blocks-tabs-item\"><div class=\"wp-block-themeisle-blocks-tabs-item__header\" tabindex=\"0\">\u00c5rsredovisningar 2009-1998<\/div><div class=\"wp-block-themeisle-blocks-tabs-item__content\">\n<ul class=\"wp-block-list\">\n<li><a href=\"http:\/\/brinckan.se\/wp-content\/uploads\/2013\/11\/brinckan_arsredovisning_2009.pdf\" data-type=\"URL\" target=\"_blank\" rel=\"noreferrer noopener\">\u00c5rsredovisning<\/a> 2009<\/li>\n\n\n\n<li><a href=\"http:\/\/brinckan.se\/wp-content\/uploads\/2013\/11\/brinckan_arsredovisning_2008.pdf\" target=\"_blank\" rel=\"noreferrer noopener\">\u00c5rsredovisning<\/a> 2008<\/li>\n\n\n\n<li><a href=\"http:\/\/brinckan.se\/wp-content\/uploads\/2013\/11\/brinckan_arsredovisning_2007.pdf\" target=\"_blank\" rel=\"noreferrer noopener\">\u00c5rsredovisning<\/a> 2007<\/li>\n\n\n\n<li><a href=\"http:\/\/brinckan.se\/wp-content\/uploads\/2013\/11\/brinckan_arsredovisning_2006.pdf\" target=\"_blank\" rel=\"noreferrer noopener\">\u00c5rsredovisning<\/a> 2006<\/li>\n\n\n\n<li><a href=\"http:\/\/brinckan.se\/wp-content\/uploads\/2013\/11\/brinckan_arsredovisning_2005.pdf\">\u00c5rsredovisning<\/a> 2005<\/li>\n\n\n\n<li><a href=\"http:\/\/brinckan.se\/wp-content\/uploads\/2013\/11\/brinckan_arsredovisning_2004.pdf\">\u00c5rsredovisning<\/a> 2004<\/li>\n\n\n\n<li><a href=\"http:\/\/brinckan.se\/wp-content\/uploads\/2013\/11\/brinckan_arsredovisning_2003.pdf\">\u00c5rsredovisning<\/a> 2003<\/li>\n\n\n\n<li><a href=\"http:\/\/brinckan.se\/wp-content\/uploads\/2013\/11\/brinckan_arsredovisning_2002.pdf\">\u00c5rsredovisning<\/a> 2002<\/li>\n\n\n\n<li><a href=\"http:\/\/brinckan.se\/wp-content\/uploads\/2013\/11\/brinckan_arsredovisning_2001.pdf\">\u00c5rsredovisning<\/a> 2001<\/li>\n\n\n\n<li><a href=\"http:\/\/brinckan.se\/wp-content\/uploads\/2013\/11\/brinckan_arsredovisning_2000.pdf\">\u00c5rsredovisning<\/a> 2000<\/li>\n\n\n\n<li><a href=\"http:\/\/brinckan.se\/wp-content\/uploads\/2013\/11\/brinckan_arsredovisning_1999.pdf\">\u00c5rsredovisning<\/a> 1999<\/li>\n\n\n\n<li><a href=\"http:\/\/brinckan.se\/wp-content\/uploads\/2013\/11\/brinckan_arsredovisning_1998.pdf\">\u00c5rsredovisning<\/a> 1998<\/li>\n<\/ul>\n<\/div><\/div>\n\n\n\n<div data-title=\"\u00d6vriga dokument\" class=\"wp-block-themeisle-blocks-tabs-item\"><div class=\"wp-block-themeisle-blocks-tabs-item__header\" tabindex=\"0\">\u00d6vriga dokument<\/div><div class=\"wp-block-themeisle-blocks-tabs-item__content\">\n<ul class=\"wp-block-list\">\n<li><a href=\"https:\/\/brinckan.se\/wp-content\/uploads\/2022\/06\/ansokan-om-tillstand-till-andrahandsupplatelse-av-bostadsratt-2022.pdf\" data-type=\"URL\" data-id=\"https:\/\/brinckan.se\/wp-content\/uploads\/2022\/06\/ansokan-om-tillstand-till-andrahandsupplatelse-av-bostadsratt-2022.pdf\" target=\"_blank\" rel=\"noreferrer noopener\">Ans\u00f6kan<\/a> om andrahandsuppl\u00e5telse<\/li>\n\n\n\n<li>Avtal om andrahandsuppl\u00e5telse<\/li>\n\n\n\n<li><a href=\"http:\/\/brinckan.se\/wp-content\/uploads\/2015\/05\/FullmaktBrinckan1.pdf\" data-type=\"URL\" target=\"_blank\" rel=\"noreferrer noopener\">Fullmakt<\/a> avseende f\u00f6reningsst\u00e4mma<\/li>\n\n\n\n<li>Renoveringsans\u00f6kan<\/li>\n<\/ul>\n<\/div><\/div>\n<\/div><\/div>\n\n\n\n<p><\/p>\n","protected":false},"excerpt":{"rendered":"<p>2025 Kallelse och dokument till f\u00f6reningsst\u00e4mma 26 maj 2025 Kallelse till f\u00f6reningsst\u00e4mma Fullmakt f\u00f6r ombud Propositioner, motioner och styrelsens svar Valberedningens f\u00f6rslag till styrelse samt arvoden Dokument fr\u00e5n f\u00f6reningsst\u00e4mman 26 maj 2025 \u00c5rsredovisning 2024 Protokoll fr\u00e5n f\u00f6reningsst\u00e4mma 26 maj 2025 2024 Kallelse och dokument till extra f\u00f6reningsst\u00e4mma 3 oktober 2024 Kallelse till extra f\u00f6reningsst\u00e4mma 3 [&hellip;]<\/p>\n","protected":false},"author":4,"featured_media":0,"parent":0,"menu_order":0,"comment_status":"closed","ping_status":"open","template":"","meta":{"_monsterinsights_skip_tracking":false,"_monsterinsights_sitenote_active":false,"_monsterinsights_sitenote_note":"","_monsterinsights_sitenote_category":0,"_themeisle_gutenberg_block_has_review":false,"footnotes":""},"class_list":["post-2983","page","type-page","status-publish","hentry"],"_links":{"self":[{"href":"https:\/\/brinckan.se\/index.php?rest_route=\/wp\/v2\/pages\/2983","targetHints":{"allow":["GET"]}}],"collection":[{"href":"https:\/\/brinckan.se\/index.php?rest_route=\/wp\/v2\/pages"}],"about":[{"href":"https:\/\/brinckan.se\/index.php?rest_route=\/wp\/v2\/types\/page"}],"author":[{"embeddable":true,"href":"https:\/\/brinckan.se\/index.php?rest_route=\/wp\/v2\/users\/4"}],"replies":[{"embeddable":true,"href":"https:\/\/brinckan.se\/index.php?rest_route=%2Fwp%2Fv2%2Fcomments&post=2983"}],"version-history":[{"count":138,"href":"https:\/\/brinckan.se\/index.php?rest_route=\/wp\/v2\/pages\/2983\/revisions"}],"predecessor-version":[{"id":4962,"href":"https:\/\/brinckan.se\/index.php?rest_route=\/wp\/v2\/pages\/2983\/revisions\/4962"}],"wp:attachment":[{"href":"https:\/\/brinckan.se\/index.php?rest_route=%2Fwp%2Fv2%2Fmedia&parent=2983"}],"curies":[{"name":"wp","href":"https:\/\/api.w.org\/{rel}","templated":true}]}}