{"id":2847,"date":"2013-11-18T18:43:08","date_gmt":"2013-11-18T17:43:08","guid":{"rendered":"http:\/\/brinckan.se\/?page_id=2847"},"modified":"2023-02-19T17:11:00","modified_gmt":"2023-02-19T16:11:00","slug":"planlosningar","status":"publish","type":"page","link":"https:\/\/brinckan.se\/?page_id=2847","title":{"rendered":"Planl\u00f6sningar"},"content":{"rendered":"\n<div id=\"wp-block-themeisle-blocks-accordion-b5321fcd\" class=\"wp-block-themeisle-blocks-accordion exclusive\"><\/div>\n\n\n\n<div id=\"wp-block-themeisle-blocks-accordion-82fa24f9\" class=\"wp-block-themeisle-blocks-accordion exclusive\"><\/div>\n\n\n<p>P\u00e5 planl\u00f6sningarna som visas st\u00e5r en uppgift om l\u00e4genhetsytan. I flera fall \u00f6verensst\u00e4mmer den inte med verkligheten. Kontakta HSB Stockholm som administrerar v\u00e5rt l\u00e4genhetsregister f\u00f6r att f\u00e5 r\u00e4tt uppgift om ytan enligt den ekonomiska planen.<\/p>\n<p><strong>\u00a0<\/strong><\/p>\n<p>1 rum<\/p>\n<p>\u00a0<\/p>\n<div id='gallery-1' class='gallery galleryid-2847 gallery-columns-4 gallery-size-thumbnail'><figure class='gallery-item'>\n\t\t\t<div class='gallery-icon landscape'>\n\t\t\t\t<a href='https:\/\/brinckan.se\/wp-content\/uploads\/2013\/11\/brinckan_lagenhetstyp_O2.jpg'><img decoding=\"async\" width=\"150\" height=\"150\" src=\"https:\/\/brinckan.se\/wp-content\/uploads\/2013\/11\/brinckan_lagenhetstyp_O2-150x150.jpg\" class=\"attachment-thumbnail size-thumbnail\" alt=\"L\u00e4genhetstyp O2\" \/><\/a>\n\t\t\t<\/div><\/figure><figure class='gallery-item'>\n\t\t\t<div class='gallery-icon landscape'>\n\t\t\t\t<a href='https:\/\/brinckan.se\/wp-content\/uploads\/2013\/11\/brinckan_lagenhetstyp_I.jpg'><img decoding=\"async\" width=\"150\" height=\"150\" src=\"https:\/\/brinckan.se\/wp-content\/uploads\/2013\/11\/brinckan_lagenhetstyp_I-150x150.jpg\" class=\"attachment-thumbnail size-thumbnail\" alt=\"L\u00e4genhetstyp I\" \/><\/a>\n\t\t\t<\/div><\/figure>\n\t\t<\/div>\n\n<p><br \/>1 \u00bd rum<\/p>\n<div id='gallery-2' class='gallery galleryid-2847 gallery-columns-4 gallery-size-thumbnail'><figure class='gallery-item'>\n\t\t\t<div class='gallery-icon landscape'>\n\t\t\t\t<a href='https:\/\/brinckan.se\/wp-content\/uploads\/2013\/11\/brinckan_lagenhetstyp_J.jpg'><img decoding=\"async\" width=\"150\" height=\"150\" src=\"https:\/\/brinckan.se\/wp-content\/uploads\/2013\/11\/brinckan_lagenhetstyp_J-150x150.jpg\" class=\"attachment-thumbnail size-thumbnail\" alt=\"L\u00e4genhetstyp J\" \/><\/a>\n\t\t\t<\/div><\/figure>\n\t\t<\/div>\n\n<p><br \/><br \/>2 rum<\/p>\n<div id='gallery-3' class='gallery galleryid-2847 gallery-columns-4 gallery-size-thumbnail'><figure class='gallery-item'>\n\t\t\t<div class='gallery-icon landscape'>\n\t\t\t\t<a href='https:\/\/brinckan.se\/wp-content\/uploads\/2013\/11\/brinckan_lagenhetstyp_Y.jpg'><img loading=\"lazy\" decoding=\"async\" width=\"150\" height=\"150\" src=\"https:\/\/brinckan.se\/wp-content\/uploads\/2013\/11\/brinckan_lagenhetstyp_Y-150x150.jpg\" class=\"attachment-thumbnail size-thumbnail\" alt=\"L\u00e4genhetstyp Y\" \/><\/a>\n\t\t\t<\/div><\/figure><figure class='gallery-item'>\n\t\t\t<div class='gallery-icon landscape'>\n\t\t\t\t<a href='https:\/\/brinckan.se\/wp-content\/uploads\/2013\/11\/brinckan_lagenhetstyp_V.jpg'><img loading=\"lazy\" decoding=\"async\" width=\"150\" height=\"150\" src=\"https:\/\/brinckan.se\/wp-content\/uploads\/2013\/11\/brinckan_lagenhetstyp_V-150x150.jpg\" class=\"attachment-thumbnail size-thumbnail\" alt=\"L\u00e4genhetstyp V\" \/><\/a>\n\t\t\t<\/div><\/figure><figure class='gallery-item'>\n\t\t\t<div class='gallery-icon landscape'>\n\t\t\t\t<a href='https:\/\/brinckan.se\/wp-content\/uploads\/2013\/11\/brinckan_lagenhetstyp_U.jpg'><img loading=\"lazy\" decoding=\"async\" width=\"150\" height=\"150\" src=\"https:\/\/brinckan.se\/wp-content\/uploads\/2013\/11\/brinckan_lagenhetstyp_U-150x150.jpg\" class=\"attachment-thumbnail size-thumbnail\" alt=\"L\u00e4genhetstyp U\" \/><\/a>\n\t\t\t<\/div><\/figure><figure class='gallery-item'>\n\t\t\t<div class='gallery-icon landscape'>\n\t\t\t\t<a href='https:\/\/brinckan.se\/wp-content\/uploads\/2013\/11\/brinckan_lagenhetstyp_S.jpg'><img loading=\"lazy\" decoding=\"async\" width=\"150\" height=\"150\" src=\"https:\/\/brinckan.se\/wp-content\/uploads\/2013\/11\/brinckan_lagenhetstyp_S-150x150.jpg\" class=\"attachment-thumbnail size-thumbnail\" alt=\"L\u00e4genhetstyp S\" \/><\/a>\n\t\t\t<\/div><\/figure><figure class='gallery-item'>\n\t\t\t<div class='gallery-icon landscape'>\n\t\t\t\t<a href='https:\/\/brinckan.se\/wp-content\/uploads\/2013\/11\/brinckan_lagenhetstyp_R.jpg'><img loading=\"lazy\" decoding=\"async\" width=\"150\" height=\"150\" src=\"https:\/\/brinckan.se\/wp-content\/uploads\/2013\/11\/brinckan_lagenhetstyp_R-150x150.jpg\" class=\"attachment-thumbnail size-thumbnail\" alt=\"L\u00e4genhetstyp R\" \/><\/a>\n\t\t\t<\/div><\/figure><figure class='gallery-item'>\n\t\t\t<div class='gallery-icon landscape'>\n\t\t\t\t<a href='https:\/\/brinckan.se\/wp-content\/uploads\/2013\/11\/brinckan_lagenhetstyp_P.jpg'><img loading=\"lazy\" decoding=\"async\" width=\"150\" height=\"150\" src=\"https:\/\/brinckan.se\/wp-content\/uploads\/2013\/11\/brinckan_lagenhetstyp_P-150x150.jpg\" class=\"attachment-thumbnail size-thumbnail\" alt=\"L\u00e4genhetstyp P\" \/><\/a>\n\t\t\t<\/div><\/figure><figure class='gallery-item'>\n\t\t\t<div class='gallery-icon landscape'>\n\t\t\t\t<a href='https:\/\/brinckan.se\/wp-content\/uploads\/2013\/11\/brinckan_lagenhetstyp_E.jpg'><img loading=\"lazy\" decoding=\"async\" width=\"150\" height=\"150\" src=\"https:\/\/brinckan.se\/wp-content\/uploads\/2013\/11\/brinckan_lagenhetstyp_E-150x150.jpg\" class=\"attachment-thumbnail size-thumbnail\" alt=\"L\u00e4genhetstyp E\" \/><\/a>\n\t\t\t<\/div><\/figure><figure class='gallery-item'>\n\t\t\t<div class='gallery-icon landscape'>\n\t\t\t\t<a href='https:\/\/brinckan.se\/wp-content\/uploads\/2013\/11\/brinckan_lagenhetstyp_D.jpg'><img loading=\"lazy\" decoding=\"async\" width=\"150\" height=\"150\" src=\"https:\/\/brinckan.se\/wp-content\/uploads\/2013\/11\/brinckan_lagenhetstyp_D-150x150.jpg\" class=\"attachment-thumbnail size-thumbnail\" alt=\"L\u00e4genhetstyp D\" \/><\/a>\n\t\t\t<\/div><\/figure><figure class='gallery-item'>\n\t\t\t<div class='gallery-icon landscape'>\n\t\t\t\t<a href='https:\/\/brinckan.se\/wp-content\/uploads\/2013\/11\/brinckan_lagenhetstyp_C.jpg'><img loading=\"lazy\" decoding=\"async\" width=\"150\" height=\"150\" src=\"https:\/\/brinckan.se\/wp-content\/uploads\/2013\/11\/brinckan_lagenhetstyp_C-150x150.jpg\" class=\"attachment-thumbnail size-thumbnail\" alt=\"L\u00e4genhetstyp C\" \/><\/a>\n\t\t\t<\/div><\/figure><figure class='gallery-item'>\n\t\t\t<div class='gallery-icon landscape'>\n\t\t\t\t<a href='https:\/\/brinckan.se\/wp-content\/uploads\/2013\/11\/brinckan_lagenhetstyp_B.jpg'><img loading=\"lazy\" decoding=\"async\" width=\"150\" height=\"150\" src=\"https:\/\/brinckan.se\/wp-content\/uploads\/2013\/11\/brinckan_lagenhetstyp_B-150x150.jpg\" class=\"attachment-thumbnail size-thumbnail\" alt=\"L\u00e4genhetstyp B\" \/><\/a>\n\t\t\t<\/div><\/figure><figure class='gallery-item'>\n\t\t\t<div class='gallery-icon landscape'>\n\t\t\t\t<a href='https:\/\/brinckan.se\/wp-content\/uploads\/2013\/11\/brinckan_lagenhetstyp_A.jpg'><img loading=\"lazy\" decoding=\"async\" width=\"150\" height=\"150\" src=\"https:\/\/brinckan.se\/wp-content\/uploads\/2013\/11\/brinckan_lagenhetstyp_A-150x150.jpg\" class=\"attachment-thumbnail size-thumbnail\" alt=\"L\u00e4genhetstyp A\" \/><\/a>\n\t\t\t<\/div><\/figure>\n\t\t<\/div>\n\n<p>3 rum<\/p>\n<div id='gallery-4' class='gallery galleryid-2847 gallery-columns-4 gallery-size-thumbnail'><figure class='gallery-item'>\n\t\t\t<div class='gallery-icon landscape'>\n\t\t\t\t<a href='https:\/\/brinckan.se\/wp-content\/uploads\/2013\/11\/brinckan_lagenhetstyp_X.jpg'><img loading=\"lazy\" decoding=\"async\" width=\"150\" height=\"150\" src=\"https:\/\/brinckan.se\/wp-content\/uploads\/2013\/11\/brinckan_lagenhetstyp_X-150x150.jpg\" class=\"attachment-thumbnail size-thumbnail\" alt=\"L\u00e4genhetstyp X\" \/><\/a>\n\t\t\t<\/div><\/figure><figure class='gallery-item'>\n\t\t\t<div class='gallery-icon landscape'>\n\t\t\t\t<a href='https:\/\/brinckan.se\/wp-content\/uploads\/2013\/11\/brinckan_lagenhetstyp_T.jpg'><img loading=\"lazy\" decoding=\"async\" width=\"150\" height=\"150\" src=\"https:\/\/brinckan.se\/wp-content\/uploads\/2013\/11\/brinckan_lagenhetstyp_T-150x150.jpg\" class=\"attachment-thumbnail size-thumbnail\" alt=\"L\u00e4genhetstyp T\" \/><\/a>\n\t\t\t<\/div><\/figure><figure class='gallery-item'>\n\t\t\t<div class='gallery-icon landscape'>\n\t\t\t\t<a href='https:\/\/brinckan.se\/wp-content\/uploads\/2013\/11\/brinckan_lagenhetstyp_Q.jpg'><img loading=\"lazy\" decoding=\"async\" width=\"150\" height=\"150\" src=\"https:\/\/brinckan.se\/wp-content\/uploads\/2013\/11\/brinckan_lagenhetstyp_Q-150x150.jpg\" class=\"attachment-thumbnail size-thumbnail\" alt=\"L\u00e4genhetstyp Q\" \/><\/a>\n\t\t\t<\/div><\/figure><figure class='gallery-item'>\n\t\t\t<div class='gallery-icon landscape'>\n\t\t\t\t<a href='https:\/\/brinckan.se\/wp-content\/uploads\/2013\/11\/brinckan_lagenhetstyp_G.jpg'><img loading=\"lazy\" decoding=\"async\" width=\"150\" height=\"150\" src=\"https:\/\/brinckan.se\/wp-content\/uploads\/2013\/11\/brinckan_lagenhetstyp_G-150x150.jpg\" class=\"attachment-thumbnail size-thumbnail\" alt=\"L\u00e4genhetstyp G\" \/><\/a>\n\t\t\t<\/div><\/figure><figure class='gallery-item'>\n\t\t\t<div class='gallery-icon landscape'>\n\t\t\t\t<a href='https:\/\/brinckan.se\/wp-content\/uploads\/2013\/11\/brinckan_lagenhetstyp_F.jpg'><img loading=\"lazy\" decoding=\"async\" width=\"150\" height=\"150\" src=\"https:\/\/brinckan.se\/wp-content\/uploads\/2013\/11\/brinckan_lagenhetstyp_F-150x150.jpg\" class=\"attachment-thumbnail size-thumbnail\" alt=\"L\u00e4genhetstyp F\" \/><\/a>\n\t\t\t<\/div><\/figure>\n\t\t<\/div>\n\n<p><br \/><br \/>4 rum<\/p>\n<div id='gallery-5' class='gallery galleryid-2847 gallery-columns-4 gallery-size-thumbnail'><figure class='gallery-item'>\n\t\t\t<div class='gallery-icon landscape'>\n\t\t\t\t<a href='https:\/\/brinckan.se\/wp-content\/uploads\/2013\/11\/brinckan_lagenhetstyp_O.jpg'><img loading=\"lazy\" decoding=\"async\" width=\"150\" height=\"150\" src=\"https:\/\/brinckan.se\/wp-content\/uploads\/2013\/11\/brinckan_lagenhetstyp_O-150x150.jpg\" class=\"attachment-thumbnail size-thumbnail\" alt=\"L\u00e4genhetstyp O\" \/><\/a>\n\t\t\t<\/div><\/figure><figure class='gallery-item'>\n\t\t\t<div class='gallery-icon landscape'>\n\t\t\t\t<a href='https:\/\/brinckan.se\/wp-content\/uploads\/2013\/11\/brinckan_lagenhetstyp_M.jpg'><img loading=\"lazy\" decoding=\"async\" width=\"150\" height=\"150\" src=\"https:\/\/brinckan.se\/wp-content\/uploads\/2013\/11\/brinckan_lagenhetstyp_M-150x150.jpg\" class=\"attachment-thumbnail size-thumbnail\" alt=\"L\u00e4genhetstyp M\" \/><\/a>\n\t\t\t<\/div><\/figure><figure class='gallery-item'>\n\t\t\t<div class='gallery-icon landscape'>\n\t\t\t\t<a href='https:\/\/brinckan.se\/wp-content\/uploads\/2013\/11\/brinckan_lagenhetstyp_L.jpg'><img loading=\"lazy\" decoding=\"async\" width=\"150\" height=\"150\" src=\"https:\/\/brinckan.se\/wp-content\/uploads\/2013\/11\/brinckan_lagenhetstyp_L-150x150.jpg\" class=\"attachment-thumbnail size-thumbnail\" alt=\"L\u00e4genhetstyp L\" \/><\/a>\n\t\t\t<\/div><\/figure><figure class='gallery-item'>\n\t\t\t<div class='gallery-icon landscape'>\n\t\t\t\t<a href='https:\/\/brinckan.se\/wp-content\/uploads\/2013\/11\/brinckan_lagenhetstyp_K.jpg'><img loading=\"lazy\" decoding=\"async\" width=\"150\" height=\"150\" src=\"https:\/\/brinckan.se\/wp-content\/uploads\/2013\/11\/brinckan_lagenhetstyp_K-150x150.jpg\" class=\"attachment-thumbnail size-thumbnail\" alt=\"L\u00e4genhetstyp K\" \/><\/a>\n\t\t\t<\/div><\/figure><figure class='gallery-item'>\n\t\t\t<div class='gallery-icon landscape'>\n\t\t\t\t<a href='https:\/\/brinckan.se\/wp-content\/uploads\/2013\/11\/brinckan_lagenhetstyp_H.jpg'><img loading=\"lazy\" decoding=\"async\" width=\"150\" height=\"150\" src=\"https:\/\/brinckan.se\/wp-content\/uploads\/2013\/11\/brinckan_lagenhetstyp_H-150x150.jpg\" class=\"attachment-thumbnail size-thumbnail\" alt=\"L\u00e4genhetstyp H\" \/><\/a>\n\t\t\t<\/div><\/figure>\n\t\t<\/div>\n\n<p><br \/>5 rum<\/p>\n<div id='gallery-6' class='gallery galleryid-2847 gallery-columns-4 gallery-size-thumbnail'><figure class='gallery-item'>\n\t\t\t<div class='gallery-icon landscape'>\n\t\t\t\t<a href='https:\/\/brinckan.se\/wp-content\/uploads\/2013\/11\/brinckan_lagenhetstyp_N.jpg'><img loading=\"lazy\" decoding=\"async\" width=\"150\" height=\"150\" src=\"https:\/\/brinckan.se\/wp-content\/uploads\/2013\/11\/brinckan_lagenhetstyp_N-150x150.jpg\" class=\"attachment-thumbnail size-thumbnail\" alt=\"L\u00e4genhetstyp N\" \/><\/a>\n\t\t\t<\/div><\/figure>\n\t\t<\/div>\n\n<p><br \/><br \/><\/p>\n\n\n<div id=\"wp-block-themeisle-blocks-accordion-82d6c51d\" class=\"wp-block-themeisle-blocks-accordion exclusive\"><\/div>\n","protected":false},"excerpt":{"rendered":"<p>P\u00e5 planl\u00f6sningarna som visas st\u00e5r en uppgift om l\u00e4genhetsytan. I flera fall \u00f6verensst\u00e4mmer den inte med verkligheten. Kontakta HSB Stockholm som administrerar v\u00e5rt l\u00e4genhetsregister f\u00f6r att f\u00e5 r\u00e4tt uppgift om ytan enligt den ekonomiska planen. \u00a0 1 rum \u00a0 1 \u00bd rum 2 rum 3 rum 4 rum 5 rum<\/p>\n","protected":false},"author":4,"featured_media":0,"parent":3019,"menu_order":0,"comment_status":"closed","ping_status":"open","template":"","meta":{"_monsterinsights_skip_tracking":false,"_monsterinsights_sitenote_active":false,"_monsterinsights_sitenote_note":"","_monsterinsights_sitenote_category":0,"_themeisle_gutenberg_block_has_review":false,"footnotes":""},"class_list":["post-2847","page","type-page","status-publish","hentry"],"_links":{"self":[{"href":"https:\/\/brinckan.se\/index.php?rest_route=\/wp\/v2\/pages\/2847","targetHints":{"allow":["GET"]}}],"collection":[{"href":"https:\/\/brinckan.se\/index.php?rest_route=\/wp\/v2\/pages"}],"about":[{"href":"https:\/\/brinckan.se\/index.php?rest_route=\/wp\/v2\/types\/page"}],"author":[{"embeddable":true,"href":"https:\/\/brinckan.se\/index.php?rest_route=\/wp\/v2\/users\/4"}],"replies":[{"embeddable":true,"href":"https:\/\/brinckan.se\/index.php?rest_route=%2Fwp%2Fv2%2Fcomments&post=2847"}],"version-history":[{"count":66,"href":"https:\/\/brinckan.se\/index.php?rest_route=\/wp\/v2\/pages\/2847\/revisions"}],"predecessor-version":[{"id":4538,"href":"https:\/\/brinckan.se\/index.php?rest_route=\/wp\/v2\/pages\/2847\/revisions\/4538"}],"up":[{"embeddable":true,"href":"https:\/\/brinckan.se\/index.php?rest_route=\/wp\/v2\/pages\/3019"}],"wp:attachment":[{"href":"https:\/\/brinckan.se\/index.php?rest_route=%2Fwp%2Fv2%2Fmedia&parent=2847"}],"curies":[{"name":"wp","href":"https:\/\/api.w.org\/{rel}","templated":true}]}}