{"id":1348,"date":"2013-01-06T12:46:48","date_gmt":"2013-01-06T12:46:48","guid":{"rendered":"http:\/\/inovado2.mintithemes.com\/?page_id=23"},"modified":"2023-02-26T17:29:39","modified_gmt":"2023-02-26T16:29:39","slug":"contact","status":"publish","type":"page","link":"https:\/\/brinckan.se\/?page_id=1348","title":{"rendered":"Hitta hit"},"content":{"rendered":"<p><iframe style=\"border: 0;\" src=\"https:\/\/www.google.com\/maps\/embed?pb=!1m18!1m12!1m3!1d2036.1921706525354!2d18.056246316604614!3d59.31304798165313!2m3!1f0!2f0!3f0!3m2!1i1024!2i768!4f13.1!3m3!1m2!1s0x465f77ef279c16bd%3A0x789873e0efea7049!2sFatburs+Kvarngata+5%2C+118+64+Stockholm!5e0!3m2!1sen!2sse!4v1545028474168\" width=\"800\" height=\"600\" frameborder=\"0\" allowfullscreen=\"allowfullscreen\"><\/iframe><\/p>\n<h3>V\u00e4lkommen!<\/h3>\n<p>Brf Brinckan \u00e4r f\u00f6reningen p\u00e5 S\u00f6dermalm vid S\u00f6dra station, mittemellan Medborgarplatsens folkvimmel och Tantos gr\u00f6nska. Vi har ocks\u00e5 turen att ha en egen gr\u00f6n tr\u00e4dg\u00e5rd med gr\u00e4smatta, jorgubbar och rosor. Trots att omr\u00e5det \u00e4r lugnt och anpassat f\u00f6r g\u00e5ende hittar du alla t\u00e4nkbara kommunikationer runt h\u00f6rnet: pendelt\u00e5g, bussar och tunnelbana.<\/p>\n<p>Fatburs Kvarngata 1, 3, 5 och 7<br \/>\n118 64 Stockholm<\/p>\n<p><a href=\"mailto:kontakt@brinckan.se\">kontakt@brinckan.se<\/a><\/p>\n","protected":false},"excerpt":{"rendered":"<p>V\u00e4lkommen! Brf Brinckan \u00e4r f\u00f6reningen p\u00e5 S\u00f6dermalm vid S\u00f6dra station, mittemellan Medborgarplatsens folkvimmel och Tantos gr\u00f6nska. Vi har ocks\u00e5 turen att ha en egen gr\u00f6n tr\u00e4dg\u00e5rd med gr\u00e4smatta, jorgubbar och rosor. Trots att omr\u00e5det \u00e4r lugnt och anpassat f\u00f6r g\u00e5ende hittar du alla t\u00e4nkbara kommunikationer runt h\u00f6rnet: pendelt\u00e5g, bussar och tunnelbana. Fatburs Kvarngata 1, 3, [&hellip;]<\/p>\n","protected":false},"author":4,"featured_media":0,"parent":0,"menu_order":0,"comment_status":"closed","ping_status":"open","template":"","meta":{"_monsterinsights_skip_tracking":false,"_monsterinsights_sitenote_active":false,"_monsterinsights_sitenote_note":"","_monsterinsights_sitenote_category":0,"_themeisle_gutenberg_block_has_review":false,"footnotes":""},"class_list":["post-1348","page","type-page","status-publish","hentry"],"_links":{"self":[{"href":"https:\/\/brinckan.se\/index.php?rest_route=\/wp\/v2\/pages\/1348","targetHints":{"allow":["GET"]}}],"collection":[{"href":"https:\/\/brinckan.se\/index.php?rest_route=\/wp\/v2\/pages"}],"about":[{"href":"https:\/\/brinckan.se\/index.php?rest_route=\/wp\/v2\/types\/page"}],"author":[{"embeddable":true,"href":"https:\/\/brinckan.se\/index.php?rest_route=\/wp\/v2\/users\/4"}],"replies":[{"embeddable":true,"href":"https:\/\/brinckan.se\/index.php?rest_route=%2Fwp%2Fv2%2Fcomments&post=1348"}],"version-history":[{"count":18,"href":"https:\/\/brinckan.se\/index.php?rest_route=\/wp\/v2\/pages\/1348\/revisions"}],"predecessor-version":[{"id":4733,"href":"https:\/\/brinckan.se\/index.php?rest_route=\/wp\/v2\/pages\/1348\/revisions\/4733"}],"wp:attachment":[{"href":"https:\/\/brinckan.se\/index.php?rest_route=%2Fwp%2Fv2%2Fmedia&parent=1348"}],"curies":[{"name":"wp","href":"https:\/\/api.w.org\/{rel}","templated":true}]}}